{"id":2829,"date":"2026-01-15T17:21:03","date_gmt":"2026-01-15T17:21:03","guid":{"rendered":"https:\/\/bragencia.com\/?page_id=2829"},"modified":"2026-01-16T18:14:56","modified_gmt":"2026-01-16T18:14:56","slug":"alemania","status":"publish","type":"page","link":"https:\/\/boardingschoolsabroad.com\/en-gb\/destinos\/alemania\/","title":{"rendered":"Alemania"},"content":{"rendered":"<div data-elementor-type=\"wp-page\" data-elementor-id=\"2829\" class=\"elementor elementor-2829\" data-elementor-post-type=\"page\">\n\t\t\t\t<div class=\"elementor-element elementor-element-707e1b32 e-con-full e-flex e-con e-parent\" data-id=\"707e1b32\" data-element_type=\"container\" data-settings=\"{&quot;background_background&quot;:&quot;classic&quot;}\">\n\t\t\t\t<div class=\"elementor-element elementor-element-4567924 elementor-widget elementor-widget-heading\" data-id=\"4567924\" data-element_type=\"widget\" data-widget_type=\"heading.default\">\n\t\t\t\t\t<h1 class=\"elementor-heading-title elementor-size-default\">Alemania<\/h1>\t\t\t\t<\/div>\n\t\t\t\t<div class=\"elementor-element elementor-element-225ac763 elementor-widget__width-initial elementor-widget elementor-widget-heading\" data-id=\"225ac763\" data-element_type=\"widget\" data-widget_type=\"heading.default\">\n\t\t\t\t\t<h2 class=\"elementor-heading-title elementor-size-default\">excelencia acad\u00e9mica, aprendizaje del idioma y educaci\u00f3n internacional<\/h2>\t\t\t\t<\/div>\n\t\t\t\t<div class=\"elementor-element elementor-element-4dce6b1d elementor-widget elementor-widget-button\" data-id=\"4dce6b1d\" data-element_type=\"widget\" data-widget_type=\"button.default\">\n\t\t\t\t\t\t\t\t\t\t<a class=\"elementor-button elementor-button-link elementor-size-sm\" href=\"https:\/\/boardingschoolsabroad.com\/en-gb\/contacto\/\">\n\t\t\t\t\t\t<span class=\"elementor-button-content-wrapper\">\n\t\t\t\t\t\t\t\t\t<span class=\"elementor-button-text\">Solicita m\u00e1s informaci\u00f3n<\/span>\n\t\t\t\t\t<\/span>\n\t\t\t\t\t<\/a>\n\t\t\t\t\t\t\t\t<\/div>\n\t\t\t\t<\/div>\n\t\t<div class=\"elementor-element elementor-element-d5f6b65 e-con-full e-flex e-con e-parent\" data-id=\"d5f6b65\" data-element_type=\"container\">\n\t\t<div class=\"elementor-element elementor-element-3199989 e-con-full e-flex e-con e-child\" data-id=\"3199989\" data-element_type=\"container\">\n\t\t<div class=\"elementor-element elementor-element-4ea50b5 e-con-full e-flex e-con e-child\" data-id=\"4ea50b5\" data-element_type=\"container\">\n\t\t\t\t<div class=\"elementor-element elementor-element-d016b50 elementor-widget elementor-widget-heading\" data-id=\"d016b50\" data-element_type=\"widget\" data-widget_type=\"heading.default\">\n\t\t\t\t\t<h2 class=\"elementor-heading-title elementor-size-default\">Estudiar en Alemania:<\/h2>\t\t\t\t<\/div>\n\t\t\t\t<div class=\"elementor-element elementor-element-2a3719d elementor-widget-mobile__width-inherit elementor-widget elementor-widget-text-editor\" data-id=\"2a3719d\" data-element_type=\"widget\" data-widget_type=\"text-editor.default\">\n\t\t\t\t\t\t\t\t\t<p>Alemania es un pa\u00eds l\u00edder en educaci\u00f3n, innovaci\u00f3n y formaci\u00f3n acad\u00e9mica de calidad. Su sistema educativo es estructurado, exigente y ampliamente reconocido por su enfoque pr\u00e1ctico, cient\u00edfico y humanista. Estudiar en Alemania significa sumergirse en una experiencia educativa multicultural mientras se aprende el idioma m\u00e1s hablado de Europa.<\/p><p>En Boarding Schools Abroad colaboramos con internados privados de referencia en distintas regiones del pa\u00eds que ofrecen programas flexibles y adaptados al perfil de cada estudiante.<\/p>\t\t\t\t\t\t\t\t<\/div>\n\t\t\t\t<div class=\"elementor-element elementor-element-de5200d elementor-widget elementor-widget-n-accordion\" data-id=\"de5200d\" data-element_type=\"widget\" data-settings=\"{&quot;default_state&quot;:&quot;all_collapsed&quot;,&quot;max_items_expended&quot;:&quot;one&quot;,&quot;n_accordion_animation_duration&quot;:{&quot;unit&quot;:&quot;ms&quot;,&quot;size&quot;:400,&quot;sizes&quot;:[]}}\" data-widget_type=\"nested-accordion.default\">\n\t\t\t\t\t\t\t<div class=\"e-n-accordion\" aria-label=\"Accordion. Open links with Enter or Space, close with Escape, and navigate with Arrow Keys\">\n\t\t\t\t\t\t<details id=\"e-n-accordion-item-2330\" class=\"e-n-accordion-item\" >\n\t\t\t\t<summary class=\"e-n-accordion-item-title\" data-accordion-index=\"1\" tabindex=\"0\" aria-expanded=\"false\" aria-controls=\"e-n-accordion-item-2330\" >\n\t\t\t\t\t<span class='e-n-accordion-item-title-header'><div class=\"e-n-accordion-item-title-text\"> Ver m\u00e1s \u2192 <\/div><\/span>\n\t\t\t\t\t\t\t\t\t<\/summary>\n\t\t\t\t<div role=\"region\" aria-labelledby=\"e-n-accordion-item-2330\" class=\"elementor-element elementor-element-96f69b5 e-con-full e-flex e-con e-child\" data-id=\"96f69b5\" data-element_type=\"container\">\n\t\t\t\t<div class=\"elementor-element elementor-element-b4e401f ts1 elementor-widget elementor-widget-text-editor\" data-id=\"b4e401f\" data-element_type=\"widget\" data-widget_type=\"text-editor.default\">\n\t\t\t\t\t\t\t\t\t<p><strong>Opciones educativas disponibles:<\/strong><\/p><ul><li><strong>Sistema educativo alem\u00e1n:<\/strong>\u00a0orientado al razonamiento l\u00f3gico, la autonom\u00eda y la excelencia acad\u00e9mica. Se estructura en dos etapas: Sekundarstufe I (hasta los 15-16 a\u00f1os) y Sekundarstufe II, que finaliza con el Abitur (17\u201318 a\u00f1os), el t\u00edtulo que da acceso a universidades alemanas y europeas.<\/li><li><strong>Programas internacionales:<\/strong>\u00a0posibilidad de cursar el Bachillerato Internacional (IB) en ingl\u00e9s, con refuerzo de alem\u00e1n como segunda lengua.<\/li><li><strong>Cursos de alem\u00e1n intensivo:<\/strong>\u00a0ideales para estudiantes que desean adaptarse progresivamente al sistema local.<\/li><li><strong>Estancias desde un trimestre, medio curso o un a\u00f1o acad\u00e9mico completo.<\/strong><\/li><\/ul><p>\u00a0<\/p><p><strong>\u00bfQu\u00e9 ofrecen los internados alemanes?<\/strong><\/p><ul><li>Entornos multiculturales, ratio reducido y atenci\u00f3n personalizada.<\/li><li>Programas acad\u00e9micos exigentes con fuerte presencia de asignaturas cient\u00edficas, tecnol\u00f3gicas, ling\u00fc\u00edsticas y art\u00edsticas.<\/li><li>Actividades extracurriculares variadas: m\u00fasica, orquesta, teatro, dise\u00f1o, rob\u00f3tica, deportes, clubes de debate, sostenibilidad, cocina o emprendimiento.<\/li><li>Vida residencial segura y estructurada que fomenta la responsabilidad, el respeto y la independencia.<\/li><\/ul><p>\u00a0<\/p><p>El\u00a0<strong>Abitur<\/strong>\u00a0alem\u00e1n es reconocido en toda Europa y permite el acceso a universidades de prestigio tanto en Alemania como en otros pa\u00edses. Los centros internacionales tambi\u00e9n ofrecen titulaciones IB v\u00e1lidas en universidades angl\u00f3fonas.<\/p><p><strong>Nuestros internados se ubican en zonas seguras, rodeadas de naturaleza o en ciudades tranquilas,<\/strong>\u00a0lo que facilita la concentraci\u00f3n acad\u00e9mica y el bienestar emocional de los estudiantes.<\/p><p><strong>\u00bfQuieres m\u00e1s informaci\u00f3n sobre estudiar en Alemania?<\/strong><\/p><p>En Boarding Schools Abroad te acompa\u00f1amos en todo el proceso, desde la elecci\u00f3n del programa hasta la adaptaci\u00f3n cultural y acad\u00e9mica, para garantizar que tu hijo\/a viva una experiencia transformadora y enriquecedora.<\/p>\t\t\t\t\t\t\t\t<\/div>\n\t\t\t\t<\/div>\n\t\t\t\t\t<\/details>\n\t\t\t\t\t<\/div>\n\t\t\t\t\t\t<\/div>\n\t\t\t\t<\/div>\n\t\t\t\t<\/div>\n\t\t<div class=\"elementor-element elementor-element-5da0dac e-con-full e-flex e-con e-child\" data-id=\"5da0dac\" data-element_type=\"container\">\n\t\t\t\t<div class=\"elementor-element elementor-element-700ab78 elementor-widget elementor-widget-image\" data-id=\"700ab78\" data-element_type=\"widget\" data-widget_type=\"image.default\">\n\t\t\t\t\t\t\t\t\t\t\t\t\t\t\t<img fetchpriority=\"high\" decoding=\"async\" width=\"2560\" height=\"1566\" src=\"https:\/\/boardingschoolsabroad.com\/wp-content\/uploads\/2026\/01\/pexels-ingo-109629-scaled.jpg\" class=\"attachment-full size-full wp-image-2961\" alt=\"\" srcset=\"https:\/\/boardingschoolsabroad.com\/wp-content\/uploads\/2026\/01\/pexels-ingo-109629-scaled.jpg 2560w, https:\/\/boardingschoolsabroad.com\/wp-content\/uploads\/2026\/01\/pexels-ingo-109629-300x184.jpg 300w, https:\/\/boardingschoolsabroad.com\/wp-content\/uploads\/2026\/01\/pexels-ingo-109629-1024x626.jpg 1024w, https:\/\/boardingschoolsabroad.com\/wp-content\/uploads\/2026\/01\/pexels-ingo-109629-768x470.jpg 768w, https:\/\/boardingschoolsabroad.com\/wp-content\/uploads\/2026\/01\/pexels-ingo-109629-1536x940.jpg 1536w, https:\/\/boardingschoolsabroad.com\/wp-content\/uploads\/2026\/01\/pexels-ingo-109629-2048x1253.jpg 2048w\" sizes=\"(max-width: 2560px) 100vw, 2560px\" \/>\t\t\t\t\t\t\t\t\t\t\t\t\t\t\t<\/div>\n\t\t\t\t<\/div>\n\t\t\t\t<\/div>\n\t\t\t\t<\/div>","protected":false},"excerpt":{"rendered":"<p>Alemania excelencia acad\u00e9mica, aprendizaje del idioma y educaci\u00f3n internacional Solicita m\u00e1s informaci\u00f3n Estudiar en Alemania: Alemania es un pa\u00eds l\u00edder en educaci\u00f3n, innovaci\u00f3n y formaci\u00f3n acad\u00e9mica de calidad. Su sistema educativo es estructurado, exigente y ampliamente reconocido por su enfoque pr\u00e1ctico, cient\u00edfico y humanista. Estudiar en Alemania significa sumergirse en una experiencia educativa multicultural mientras [&hellip;]<\/p>\n","protected":false},"author":2,"featured_media":0,"parent":3299,"menu_order":0,"comment_status":"closed","ping_status":"closed","template":"","meta":{"_acf_changed":false,"footnotes":""},"class_list":["post-2829","page","type-page","status-publish","hentry"],"acf":[],"yoast_head":"<!-- This site is optimized with the Yoast SEO plugin v27.0 - https:\/\/yoast.com\/product\/yoast-seo-wordpress\/ -->\n<title>Alemania - Boarding School<\/title>\n<meta name=\"robots\" content=\"index, follow, max-snippet:-1, max-image-preview:large, max-video-preview:-1\" \/>\n<link rel=\"canonical\" href=\"https:\/\/boardingschoolsabroad.com\/en-gb\/destinos\/alemania\/\" \/>\n<meta property=\"og:locale\" content=\"en_GB\" \/>\n<meta property=\"og:type\" content=\"article\" \/>\n<meta property=\"og:title\" content=\"Alemania - Boarding School\" \/>\n<meta property=\"og:description\" content=\"Alemania excelencia acad\u00e9mica, aprendizaje del idioma y educaci\u00f3n internacional Solicita m\u00e1s informaci\u00f3n Estudiar en Alemania: Alemania es un pa\u00eds l\u00edder en educaci\u00f3n, innovaci\u00f3n y formaci\u00f3n acad\u00e9mica de calidad. Su sistema educativo es estructurado, exigente y ampliamente reconocido por su enfoque pr\u00e1ctico, cient\u00edfico y humanista. Estudiar en Alemania significa sumergirse en una experiencia educativa multicultural mientras [&hellip;]\" \/>\n<meta property=\"og:url\" content=\"https:\/\/boardingschoolsabroad.com\/en-gb\/destinos\/alemania\/\" \/>\n<meta property=\"og:site_name\" content=\"Boarding School\" \/>\n<meta property=\"article:publisher\" content=\"https:\/\/www.facebook.com\/boardingschoolsabroad\/\" \/>\n<meta property=\"article:modified_time\" content=\"2026-01-16T18:14:56+00:00\" \/>\n<meta property=\"og:image\" content=\"https:\/\/boardingschoolsabroad.com\/wp-content\/uploads\/2026\/01\/pexels-ingo-109629-scaled.jpg\" \/>\n\t<meta property=\"og:image:width\" content=\"2560\" \/>\n\t<meta property=\"og:image:height\" content=\"1566\" \/>\n\t<meta property=\"og:image:type\" content=\"image\/jpeg\" \/>\n<meta name=\"twitter:card\" content=\"summary_large_image\" \/>\n<script type=\"application\/ld+json\" class=\"yoast-schema-graph\">{\"@context\":\"https:\/\/schema.org\",\"@graph\":[{\"@type\":\"WebPage\",\"@id\":\"https:\/\/boardingschoolsabroad.com\/destinos\/alemania\/\",\"url\":\"https:\/\/boardingschoolsabroad.com\/destinos\/alemania\/\",\"name\":\"Alemania - Boarding School\",\"isPartOf\":{\"@id\":\"https:\/\/boardingschoolsabroad.com\/#website\"},\"primaryImageOfPage\":{\"@id\":\"https:\/\/boardingschoolsabroad.com\/destinos\/alemania\/#primaryimage\"},\"image\":{\"@id\":\"https:\/\/boardingschoolsabroad.com\/destinos\/alemania\/#primaryimage\"},\"thumbnailUrl\":\"https:\/\/boardingschoolsabroad.com\/wp-content\/uploads\/2026\/01\/pexels-ingo-109629-scaled.jpg\",\"datePublished\":\"2026-01-15T17:21:03+00:00\",\"dateModified\":\"2026-01-16T18:14:56+00:00\",\"breadcrumb\":{\"@id\":\"https:\/\/boardingschoolsabroad.com\/destinos\/alemania\/#breadcrumb\"},\"inLanguage\":\"en-GB\",\"potentialAction\":[{\"@type\":\"ReadAction\",\"target\":[\"https:\/\/boardingschoolsabroad.com\/destinos\/alemania\/\"]}]},{\"@type\":\"ImageObject\",\"inLanguage\":\"en-GB\",\"@id\":\"https:\/\/boardingschoolsabroad.com\/destinos\/alemania\/#primaryimage\",\"url\":\"https:\/\/boardingschoolsabroad.com\/wp-content\/uploads\/2026\/01\/pexels-ingo-109629-scaled.jpg\",\"contentUrl\":\"https:\/\/boardingschoolsabroad.com\/wp-content\/uploads\/2026\/01\/pexels-ingo-109629-scaled.jpg\"},{\"@type\":\"BreadcrumbList\",\"@id\":\"https:\/\/boardingschoolsabroad.com\/destinos\/alemania\/#breadcrumb\",\"itemListElement\":[{\"@type\":\"ListItem\",\"position\":1,\"name\":\"Portada\",\"item\":\"https:\/\/boardingschoolsabroad.com\/\"},{\"@type\":\"ListItem\",\"position\":2,\"name\":\"Destinos\",\"item\":\"https:\/\/boardingschoolsabroad.com\/destinos\/\"},{\"@type\":\"ListItem\",\"position\":3,\"name\":\"Alemania\"}]},{\"@type\":\"WebSite\",\"@id\":\"https:\/\/boardingschoolsabroad.com\/#website\",\"url\":\"https:\/\/boardingschoolsabroad.com\/\",\"name\":\"Boarding School\",\"description\":\"Boarding School:Colegios internos en Reino Unido, Irlanda, Suiza y Canad\u00e1. A\u00f1o escolar en el extranjero. A\u00f1o escolar en Irlanda con toda la familia, campamentos de verano e invierno en Reino Unido y Suiza, universidad en Reino Unido. Voluntariado\",\"publisher\":{\"@id\":\"https:\/\/boardingschoolsabroad.com\/#organization\"},\"alternateName\":\"Boarding Schools Abroad\",\"potentialAction\":[{\"@type\":\"SearchAction\",\"target\":{\"@type\":\"EntryPoint\",\"urlTemplate\":\"https:\/\/boardingschoolsabroad.com\/?s={search_term_string}\"},\"query-input\":{\"@type\":\"PropertyValueSpecification\",\"valueRequired\":true,\"valueName\":\"search_term_string\"}}],\"inLanguage\":\"en-GB\"},{\"@type\":\"Organization\",\"@id\":\"https:\/\/boardingschoolsabroad.com\/#organization\",\"name\":\"Boarding Schools Abroad\",\"alternateName\":\"Boarding School\",\"url\":\"https:\/\/boardingschoolsabroad.com\/\",\"logo\":{\"@type\":\"ImageObject\",\"inLanguage\":\"en-GB\",\"@id\":\"https:\/\/boardingschoolsabroad.com\/#\/schema\/logo\/image\/\",\"url\":\"https:\/\/boardingschoolsabroad.com\/wp-content\/uploads\/2026\/02\/Boarding-Schools-Abroad-Logo.png\",\"contentUrl\":\"https:\/\/boardingschoolsabroad.com\/wp-content\/uploads\/2026\/02\/Boarding-Schools-Abroad-Logo.png\",\"width\":519,\"height\":329,\"caption\":\"Boarding Schools Abroad\"},\"image\":{\"@id\":\"https:\/\/boardingschoolsabroad.com\/#\/schema\/logo\/image\/\"},\"sameAs\":[\"https:\/\/www.facebook.com\/boardingschoolsabroad\/\",\"https:\/\/www.linkedin.com\/company\/boarding-schools-abroad-ltd\/\",\"https:\/\/www.instagram.com\/boarding_schools_abroad\/\",\"https:\/\/www.youtube.com\/@BoardingSchoolsAbroadLimited\",\"https:\/\/maps.app.goo.gl\/zy7HAHtkCociJRjJ8\"]}]}<\/script>\n<!-- \/ Yoast SEO plugin. -->","yoast_head_json":{"title":"Alemania - Boarding School","robots":{"index":"index","follow":"follow","max-snippet":"max-snippet:-1","max-image-preview":"max-image-preview:large","max-video-preview":"max-video-preview:-1"},"canonical":"https:\/\/boardingschoolsabroad.com\/en-gb\/destinos\/alemania\/","og_locale":"en_GB","og_type":"article","og_title":"Alemania - Boarding School","og_description":"Alemania excelencia acad\u00e9mica, aprendizaje del idioma y educaci\u00f3n internacional Solicita m\u00e1s informaci\u00f3n Estudiar en Alemania: Alemania es un pa\u00eds l\u00edder en educaci\u00f3n, innovaci\u00f3n y formaci\u00f3n acad\u00e9mica de calidad. Su sistema educativo es estructurado, exigente y ampliamente reconocido por su enfoque pr\u00e1ctico, cient\u00edfico y humanista. Estudiar en Alemania significa sumergirse en una experiencia educativa multicultural mientras [&hellip;]","og_url":"https:\/\/boardingschoolsabroad.com\/en-gb\/destinos\/alemania\/","og_site_name":"Boarding School","article_publisher":"https:\/\/www.facebook.com\/boardingschoolsabroad\/","article_modified_time":"2026-01-16T18:14:56+00:00","og_image":[{"width":2560,"height":1566,"url":"https:\/\/boardingschoolsabroad.com\/wp-content\/uploads\/2026\/01\/pexels-ingo-109629-scaled.jpg","type":"image\/jpeg"}],"twitter_card":"summary_large_image","schema":{"@context":"https:\/\/schema.org","@graph":[{"@type":"WebPage","@id":"https:\/\/boardingschoolsabroad.com\/destinos\/alemania\/","url":"https:\/\/boardingschoolsabroad.com\/destinos\/alemania\/","name":"Alemania - Boarding School","isPartOf":{"@id":"https:\/\/boardingschoolsabroad.com\/#website"},"primaryImageOfPage":{"@id":"https:\/\/boardingschoolsabroad.com\/destinos\/alemania\/#primaryimage"},"image":{"@id":"https:\/\/boardingschoolsabroad.com\/destinos\/alemania\/#primaryimage"},"thumbnailUrl":"https:\/\/boardingschoolsabroad.com\/wp-content\/uploads\/2026\/01\/pexels-ingo-109629-scaled.jpg","datePublished":"2026-01-15T17:21:03+00:00","dateModified":"2026-01-16T18:14:56+00:00","breadcrumb":{"@id":"https:\/\/boardingschoolsabroad.com\/destinos\/alemania\/#breadcrumb"},"inLanguage":"en-GB","potentialAction":[{"@type":"ReadAction","target":["https:\/\/boardingschoolsabroad.com\/destinos\/alemania\/"]}]},{"@type":"ImageObject","inLanguage":"en-GB","@id":"https:\/\/boardingschoolsabroad.com\/destinos\/alemania\/#primaryimage","url":"https:\/\/boardingschoolsabroad.com\/wp-content\/uploads\/2026\/01\/pexels-ingo-109629-scaled.jpg","contentUrl":"https:\/\/boardingschoolsabroad.com\/wp-content\/uploads\/2026\/01\/pexels-ingo-109629-scaled.jpg"},{"@type":"BreadcrumbList","@id":"https:\/\/boardingschoolsabroad.com\/destinos\/alemania\/#breadcrumb","itemListElement":[{"@type":"ListItem","position":1,"name":"Portada","item":"https:\/\/boardingschoolsabroad.com\/"},{"@type":"ListItem","position":2,"name":"Destinos","item":"https:\/\/boardingschoolsabroad.com\/destinos\/"},{"@type":"ListItem","position":3,"name":"Alemania"}]},{"@type":"WebSite","@id":"https:\/\/boardingschoolsabroad.com\/#website","url":"https:\/\/boardingschoolsabroad.com\/","name":"Boarding School","description":"Boarding School:Colegios internos en Reino Unido, Irlanda, Suiza y Canad\u00e1. A\u00f1o escolar en el extranjero. A\u00f1o escolar en Irlanda con toda la familia, campamentos de verano e invierno en Reino Unido y Suiza, universidad en Reino Unido. Voluntariado","publisher":{"@id":"https:\/\/boardingschoolsabroad.com\/#organization"},"alternateName":"Boarding Schools Abroad","potentialAction":[{"@type":"SearchAction","target":{"@type":"EntryPoint","urlTemplate":"https:\/\/boardingschoolsabroad.com\/?s={search_term_string}"},"query-input":{"@type":"PropertyValueSpecification","valueRequired":true,"valueName":"search_term_string"}}],"inLanguage":"en-GB"},{"@type":"Organization","@id":"https:\/\/boardingschoolsabroad.com\/#organization","name":"Boarding Schools Abroad","alternateName":"Boarding School","url":"https:\/\/boardingschoolsabroad.com\/","logo":{"@type":"ImageObject","inLanguage":"en-GB","@id":"https:\/\/boardingschoolsabroad.com\/#\/schema\/logo\/image\/","url":"https:\/\/boardingschoolsabroad.com\/wp-content\/uploads\/2026\/02\/Boarding-Schools-Abroad-Logo.png","contentUrl":"https:\/\/boardingschoolsabroad.com\/wp-content\/uploads\/2026\/02\/Boarding-Schools-Abroad-Logo.png","width":519,"height":329,"caption":"Boarding Schools Abroad"},"image":{"@id":"https:\/\/boardingschoolsabroad.com\/#\/schema\/logo\/image\/"},"sameAs":["https:\/\/www.facebook.com\/boardingschoolsabroad\/","https:\/\/www.linkedin.com\/company\/boarding-schools-abroad-ltd\/","https:\/\/www.instagram.com\/boarding_schools_abroad\/","https:\/\/www.youtube.com\/@BoardingSchoolsAbroadLimited","https:\/\/maps.app.goo.gl\/zy7HAHtkCociJRjJ8"]}]}},"_links":{"self":[{"href":"https:\/\/boardingschoolsabroad.com\/en-gb\/wp-json\/wp\/v2\/pages\/2829","targetHints":{"allow":["GET"]}}],"collection":[{"href":"https:\/\/boardingschoolsabroad.com\/en-gb\/wp-json\/wp\/v2\/pages"}],"about":[{"href":"https:\/\/boardingschoolsabroad.com\/en-gb\/wp-json\/wp\/v2\/types\/page"}],"author":[{"embeddable":true,"href":"https:\/\/boardingschoolsabroad.com\/en-gb\/wp-json\/wp\/v2\/users\/2"}],"replies":[{"embeddable":true,"href":"https:\/\/boardingschoolsabroad.com\/en-gb\/wp-json\/wp\/v2\/comments?post=2829"}],"version-history":[{"count":0,"href":"https:\/\/boardingschoolsabroad.com\/en-gb\/wp-json\/wp\/v2\/pages\/2829\/revisions"}],"up":[{"embeddable":true,"href":"https:\/\/boardingschoolsabroad.com\/en-gb\/wp-json\/wp\/v2\/pages\/3299"}],"wp:attachment":[{"href":"https:\/\/boardingschoolsabroad.com\/en-gb\/wp-json\/wp\/v2\/media?parent=2829"}],"curies":[{"name":"wp","href":"https:\/\/api.w.org\/{rel}","templated":true}]}}