{"id":2831,"date":"2026-01-15T17:22:04","date_gmt":"2026-01-15T17:22:04","guid":{"rendered":"https:\/\/bragencia.com\/?page_id=2831"},"modified":"2026-01-30T14:55:46","modified_gmt":"2026-01-30T14:55:46","slug":"francia","status":"publish","type":"page","link":"https:\/\/boardingschoolsabroad.com\/en-gb\/destinos\/francia\/","title":{"rendered":"Francia"},"content":{"rendered":"<div data-elementor-type=\"wp-page\" data-elementor-id=\"2831\" class=\"elementor elementor-2831\" data-elementor-post-type=\"page\">\n\t\t\t\t<div class=\"elementor-element elementor-element-b02d8bc e-con-full e-flex e-con e-parent\" data-id=\"b02d8bc\" data-element_type=\"container\" data-settings=\"{&quot;background_background&quot;:&quot;classic&quot;}\">\n\t\t\t\t<div class=\"elementor-element elementor-element-baa39c6 elementor-widget elementor-widget-heading\" data-id=\"baa39c6\" data-element_type=\"widget\" data-widget_type=\"heading.default\">\n\t\t\t\t\t<h1 class=\"elementor-heading-title elementor-size-default\">Francia<\/h1>\t\t\t\t<\/div>\n\t\t\t\t<div class=\"elementor-element elementor-element-5998c0a elementor-widget__width-initial elementor-widget elementor-widget-heading\" data-id=\"5998c0a\" data-element_type=\"widget\" data-widget_type=\"heading.default\">\n\t\t\t\t\t<h2 class=\"elementor-heading-title elementor-size-default\">excelencia acad\u00e9mica, cultura europea y dominio del idioma<\/h2>\t\t\t\t<\/div>\n\t\t\t\t<\/div>\n\t\t<div class=\"elementor-element elementor-element-dbc7e2e e-con-full e-flex e-con e-parent\" data-id=\"dbc7e2e\" data-element_type=\"container\">\n\t\t<div class=\"elementor-element elementor-element-f60a013 e-con-full e-flex e-con e-child\" data-id=\"f60a013\" data-element_type=\"container\">\n\t\t<div class=\"elementor-element elementor-element-ceffadc e-con-full e-flex e-con e-child\" data-id=\"ceffadc\" data-element_type=\"container\">\n\t\t\t\t<div class=\"elementor-element elementor-element-bd6b770 elementor-widget elementor-widget-heading\" data-id=\"bd6b770\" data-element_type=\"widget\" data-widget_type=\"heading.default\">\n\t\t\t\t\t<h2 class=\"elementor-heading-title elementor-size-default\">Estudiar en Francia:<\/h2>\t\t\t\t<\/div>\n\t\t\t\t<div class=\"elementor-element elementor-element-27f798a elementor-widget-mobile__width-inherit elementor-widget elementor-widget-text-editor\" data-id=\"27f798a\" data-element_type=\"widget\" data-widget_type=\"text-editor.default\">\n\t\t\t\t\t\t\t\t\t<p>Francia es uno de los destinos educativos m\u00e1s valorados de Europa. Su modelo educativo combina rigor acad\u00e9mico, pensamiento cr\u00edtico y una s\u00f3lida formaci\u00f3n humanista. Estudiar en Francia es mucho m\u00e1s que aprender franc\u00e9s: es vivir una experiencia cultural y educativa profundamente transformadora en el coraz\u00f3n de Europa.<\/p><p>En Boarding Schools Abroad trabajamos con internados privados de confianza en distintas regiones de Francia que ofrecen programas personalizados y adaptados a estudiantes internacionales.<\/p>\t\t\t\t\t\t\t\t<\/div>\n\t\t\t\t<div class=\"elementor-element elementor-element-f385d4d elementor-widget elementor-widget-n-accordion\" data-id=\"f385d4d\" data-element_type=\"widget\" data-settings=\"{&quot;default_state&quot;:&quot;all_collapsed&quot;,&quot;max_items_expended&quot;:&quot;one&quot;,&quot;n_accordion_animation_duration&quot;:{&quot;unit&quot;:&quot;ms&quot;,&quot;size&quot;:400,&quot;sizes&quot;:[]}}\" data-widget_type=\"nested-accordion.default\">\n\t\t\t\t\t\t\t<div class=\"e-n-accordion\" aria-label=\"Accordion. Open links with Enter or Space, close with Escape, and navigate with Arrow Keys\">\n\t\t\t\t\t\t<details id=\"e-n-accordion-item-2550\" class=\"e-n-accordion-item\" >\n\t\t\t\t<summary class=\"e-n-accordion-item-title\" data-accordion-index=\"1\" tabindex=\"0\" aria-expanded=\"false\" aria-controls=\"e-n-accordion-item-2550\" >\n\t\t\t\t\t<span class='e-n-accordion-item-title-header'><div class=\"e-n-accordion-item-title-text\"> Ver m\u00e1s \u2192 <\/div><\/span>\n\t\t\t\t\t\t\t\t\t<\/summary>\n\t\t\t\t<div role=\"region\" aria-labelledby=\"e-n-accordion-item-2550\" class=\"elementor-element elementor-element-9d70ce9 e-con-full e-flex e-con e-child\" data-id=\"9d70ce9\" data-element_type=\"container\">\n\t\t\t\t<div class=\"elementor-element elementor-element-db28ed6 ts1 elementor-widget elementor-widget-text-editor\" data-id=\"db28ed6\" data-element_type=\"widget\" data-widget_type=\"text-editor.default\">\n\t\t\t\t\t\t\t\t\t<p><strong>Opciones educativas disponibles:<\/strong><\/p><ul><li><strong>Sistema educativo franc\u00e9s:<\/strong>\u00a0estructurado en Coll\u00e8ge (12\u201315 a\u00f1os) y Lyc\u00e9e (15\u201318 a\u00f1os), que culmina con el Baccalaur\u00e9at, t\u00edtulo altamente reconocido en universidades francesas y europeas.<\/li><li><strong>Baccalaur\u00e9at Fran\u00e7ais International (BFI):<\/strong>\u00a0opci\u00f3n internacional con asignaturas en ingl\u00e9s y enfoque global.<\/li><li><strong>Programas biling\u00fces o triling\u00fces,<\/strong>\u00a0ideales para quienes desean dominar franc\u00e9s y reforzar ingl\u00e9s o espa\u00f1ol.<\/li><li><strong>Estancias desde un trimestre hasta cursos completos,<\/strong>\u00a0con opci\u00f3n de integraci\u00f3n progresiva seg\u00fan el nivel del idioma.<\/li><\/ul><p><strong>\u00bfQu\u00e9 ofrecen los internados franceses?<\/strong><\/p><ul><li>Clases reducidas, acompa\u00f1amiento individualizado y excelente formaci\u00f3n acad\u00e9mica.<\/li><li>Educaci\u00f3n art\u00edstica, cient\u00edfica y t\u00e9cnica de alto nivel.<\/li><li>Oferta rica de actividades extracurriculares: m\u00fasica, teatro, debate, deporte, clubes de arte o innovaci\u00f3n.<\/li><li>Entornos multiculturales que fomentan la autonom\u00eda y el respeto.<\/li><\/ul><p>El\u00a0<strong>Baccalaur\u00e9at<\/strong>\u00a0franc\u00e9s permite el acceso directo a universidades de prestigio en Francia, Suiza, B\u00e9lgica, Canad\u00e1 y otros pa\u00edses europeos. Tambi\u00e9n es convalidable en el sistema espa\u00f1ol y otros sistemas internacionales.<\/p><p><strong>Nuestros internados est\u00e1n ubicados en zonas tranquilas y seguras<\/strong>, tanto urbanas como rurales, y garantizan un entorno c\u00e1lido y estructurado para el crecimiento personal y acad\u00e9mico del alumno.<\/p><p><strong>\u00bfQuieres saber m\u00e1s sobre estudiar en Francia?<\/strong><br \/>En Boarding Schools Abroad te ayudamos a dise\u00f1ar un plan educativo personalizado, seleccionando el internado, el programa y el acompa\u00f1amiento m\u00e1s adecuado para tu hijo\/a.<\/p>\t\t\t\t\t\t\t\t<\/div>\n\t\t\t\t<\/div>\n\t\t\t\t\t<\/details>\n\t\t\t\t\t<\/div>\n\t\t\t\t\t\t<\/div>\n\t\t\t\t<\/div>\n\t\t\t\t<\/div>\n\t\t<div class=\"elementor-element elementor-element-c2780d0 e-con-full e-flex e-con e-child\" data-id=\"c2780d0\" data-element_type=\"container\">\n\t\t\t\t<div class=\"elementor-element elementor-element-18989e0 elementor-widget elementor-widget-image\" data-id=\"18989e0\" data-element_type=\"widget\" data-widget_type=\"image.default\">\n\t\t\t\t\t\t\t\t\t\t\t\t\t\t\t<img fetchpriority=\"high\" decoding=\"async\" width=\"2560\" height=\"1707\" src=\"https:\/\/boardingschoolsabroad.com\/wp-content\/uploads\/2026\/01\/pexels-optically-challenged-29356596-scaled.jpg\" class=\"attachment-full size-full wp-image-2992\" alt=\"\" srcset=\"https:\/\/boardingschoolsabroad.com\/wp-content\/uploads\/2026\/01\/pexels-optically-challenged-29356596-scaled.jpg 2560w, https:\/\/boardingschoolsabroad.com\/wp-content\/uploads\/2026\/01\/pexels-optically-challenged-29356596-300x200.jpg 300w, https:\/\/boardingschoolsabroad.com\/wp-content\/uploads\/2026\/01\/pexels-optically-challenged-29356596-1024x683.jpg 1024w, https:\/\/boardingschoolsabroad.com\/wp-content\/uploads\/2026\/01\/pexels-optically-challenged-29356596-768x512.jpg 768w, https:\/\/boardingschoolsabroad.com\/wp-content\/uploads\/2026\/01\/pexels-optically-challenged-29356596-1536x1024.jpg 1536w, https:\/\/boardingschoolsabroad.com\/wp-content\/uploads\/2026\/01\/pexels-optically-challenged-29356596-2048x1365.jpg 2048w\" sizes=\"(max-width: 2560px) 100vw, 2560px\" \/>\t\t\t\t\t\t\t\t\t\t\t\t\t\t\t<\/div>\n\t\t\t\t<\/div>\n\t\t\t\t<\/div>\n\t\t\t\t<\/div>","protected":false},"excerpt":{"rendered":"<p>Francia excelencia acad\u00e9mica, cultura europea y dominio del idioma Estudiar en Francia: Francia es uno de los destinos educativos m\u00e1s valorados de Europa. Su modelo educativo combina rigor acad\u00e9mico, pensamiento cr\u00edtico y una s\u00f3lida formaci\u00f3n humanista. Estudiar en Francia es mucho m\u00e1s que aprender franc\u00e9s: es vivir una experiencia cultural y educativa profundamente transformadora en [&hellip;]<\/p>\n","protected":false},"author":2,"featured_media":0,"parent":3299,"menu_order":0,"comment_status":"closed","ping_status":"closed","template":"","meta":{"_acf_changed":false,"footnotes":""},"class_list":["post-2831","page","type-page","status-publish","hentry"],"acf":[],"yoast_head":"<!-- This site is optimized with the Yoast SEO plugin v27.0 - https:\/\/yoast.com\/product\/yoast-seo-wordpress\/ -->\n<title>Francia - Boarding School<\/title>\n<meta name=\"robots\" content=\"index, follow, max-snippet:-1, max-image-preview:large, max-video-preview:-1\" \/>\n<link rel=\"canonical\" href=\"https:\/\/boardingschoolsabroad.com\/en-gb\/destinos\/francia\/\" \/>\n<meta property=\"og:locale\" content=\"en_GB\" \/>\n<meta property=\"og:type\" content=\"article\" \/>\n<meta property=\"og:title\" content=\"Francia - Boarding School\" \/>\n<meta property=\"og:description\" content=\"Francia excelencia acad\u00e9mica, cultura europea y dominio del idioma Estudiar en Francia: Francia es uno de los destinos educativos m\u00e1s valorados de Europa. Su modelo educativo combina rigor acad\u00e9mico, pensamiento cr\u00edtico y una s\u00f3lida formaci\u00f3n humanista. Estudiar en Francia es mucho m\u00e1s que aprender franc\u00e9s: es vivir una experiencia cultural y educativa profundamente transformadora en [&hellip;]\" \/>\n<meta property=\"og:url\" content=\"https:\/\/boardingschoolsabroad.com\/en-gb\/destinos\/francia\/\" \/>\n<meta property=\"og:site_name\" content=\"Boarding School\" \/>\n<meta property=\"article:publisher\" content=\"https:\/\/www.facebook.com\/boardingschoolsabroad\/\" \/>\n<meta property=\"article:modified_time\" content=\"2026-01-30T14:55:46+00:00\" \/>\n<meta property=\"og:image\" content=\"https:\/\/boardingschoolsabroad.com\/wp-content\/uploads\/2026\/01\/pexels-optically-challenged-29356596-scaled.jpg\" \/>\n\t<meta property=\"og:image:width\" content=\"2560\" \/>\n\t<meta property=\"og:image:height\" content=\"1707\" \/>\n\t<meta property=\"og:image:type\" content=\"image\/jpeg\" \/>\n<meta name=\"twitter:card\" content=\"summary_large_image\" \/>\n<script type=\"application\/ld+json\" class=\"yoast-schema-graph\">{\"@context\":\"https:\/\/schema.org\",\"@graph\":[{\"@type\":\"WebPage\",\"@id\":\"https:\/\/boardingschoolsabroad.com\/destinos\/francia\/\",\"url\":\"https:\/\/boardingschoolsabroad.com\/destinos\/francia\/\",\"name\":\"Francia - Boarding School\",\"isPartOf\":{\"@id\":\"https:\/\/boardingschoolsabroad.com\/#website\"},\"primaryImageOfPage\":{\"@id\":\"https:\/\/boardingschoolsabroad.com\/destinos\/francia\/#primaryimage\"},\"image\":{\"@id\":\"https:\/\/boardingschoolsabroad.com\/destinos\/francia\/#primaryimage\"},\"thumbnailUrl\":\"https:\/\/boardingschoolsabroad.com\/wp-content\/uploads\/2026\/01\/pexels-optically-challenged-29356596-scaled.jpg\",\"datePublished\":\"2026-01-15T17:22:04+00:00\",\"dateModified\":\"2026-01-30T14:55:46+00:00\",\"breadcrumb\":{\"@id\":\"https:\/\/boardingschoolsabroad.com\/destinos\/francia\/#breadcrumb\"},\"inLanguage\":\"en-GB\",\"potentialAction\":[{\"@type\":\"ReadAction\",\"target\":[\"https:\/\/boardingschoolsabroad.com\/destinos\/francia\/\"]}]},{\"@type\":\"ImageObject\",\"inLanguage\":\"en-GB\",\"@id\":\"https:\/\/boardingschoolsabroad.com\/destinos\/francia\/#primaryimage\",\"url\":\"https:\/\/boardingschoolsabroad.com\/wp-content\/uploads\/2026\/01\/pexels-optically-challenged-29356596-scaled.jpg\",\"contentUrl\":\"https:\/\/boardingschoolsabroad.com\/wp-content\/uploads\/2026\/01\/pexels-optically-challenged-29356596-scaled.jpg\"},{\"@type\":\"BreadcrumbList\",\"@id\":\"https:\/\/boardingschoolsabroad.com\/destinos\/francia\/#breadcrumb\",\"itemListElement\":[{\"@type\":\"ListItem\",\"position\":1,\"name\":\"Portada\",\"item\":\"https:\/\/boardingschoolsabroad.com\/\"},{\"@type\":\"ListItem\",\"position\":2,\"name\":\"Destinos\",\"item\":\"https:\/\/boardingschoolsabroad.com\/destinos\/\"},{\"@type\":\"ListItem\",\"position\":3,\"name\":\"Francia\"}]},{\"@type\":\"WebSite\",\"@id\":\"https:\/\/boardingschoolsabroad.com\/#website\",\"url\":\"https:\/\/boardingschoolsabroad.com\/\",\"name\":\"Boarding School\",\"description\":\"Boarding School:Colegios internos en Reino Unido, Irlanda, Suiza y Canad\u00e1. A\u00f1o escolar en el extranjero. A\u00f1o escolar en Irlanda con toda la familia, campamentos de verano e invierno en Reino Unido y Suiza, universidad en Reino Unido. Voluntariado\",\"publisher\":{\"@id\":\"https:\/\/boardingschoolsabroad.com\/#organization\"},\"alternateName\":\"Boarding Schools Abroad\",\"potentialAction\":[{\"@type\":\"SearchAction\",\"target\":{\"@type\":\"EntryPoint\",\"urlTemplate\":\"https:\/\/boardingschoolsabroad.com\/?s={search_term_string}\"},\"query-input\":{\"@type\":\"PropertyValueSpecification\",\"valueRequired\":true,\"valueName\":\"search_term_string\"}}],\"inLanguage\":\"en-GB\"},{\"@type\":\"Organization\",\"@id\":\"https:\/\/boardingschoolsabroad.com\/#organization\",\"name\":\"Boarding Schools Abroad\",\"alternateName\":\"Boarding School\",\"url\":\"https:\/\/boardingschoolsabroad.com\/\",\"logo\":{\"@type\":\"ImageObject\",\"inLanguage\":\"en-GB\",\"@id\":\"https:\/\/boardingschoolsabroad.com\/#\/schema\/logo\/image\/\",\"url\":\"https:\/\/boardingschoolsabroad.com\/wp-content\/uploads\/2026\/02\/Boarding-Schools-Abroad-Logo.png\",\"contentUrl\":\"https:\/\/boardingschoolsabroad.com\/wp-content\/uploads\/2026\/02\/Boarding-Schools-Abroad-Logo.png\",\"width\":519,\"height\":329,\"caption\":\"Boarding Schools Abroad\"},\"image\":{\"@id\":\"https:\/\/boardingschoolsabroad.com\/#\/schema\/logo\/image\/\"},\"sameAs\":[\"https:\/\/www.facebook.com\/boardingschoolsabroad\/\",\"https:\/\/www.linkedin.com\/company\/boarding-schools-abroad-ltd\/\",\"https:\/\/www.instagram.com\/boarding_schools_abroad\/\",\"https:\/\/www.youtube.com\/@BoardingSchoolsAbroadLimited\",\"https:\/\/maps.app.goo.gl\/zy7HAHtkCociJRjJ8\"]}]}<\/script>\n<!-- \/ Yoast SEO plugin. -->","yoast_head_json":{"title":"Francia - Boarding School","robots":{"index":"index","follow":"follow","max-snippet":"max-snippet:-1","max-image-preview":"max-image-preview:large","max-video-preview":"max-video-preview:-1"},"canonical":"https:\/\/boardingschoolsabroad.com\/en-gb\/destinos\/francia\/","og_locale":"en_GB","og_type":"article","og_title":"Francia - Boarding School","og_description":"Francia excelencia acad\u00e9mica, cultura europea y dominio del idioma Estudiar en Francia: Francia es uno de los destinos educativos m\u00e1s valorados de Europa. Su modelo educativo combina rigor acad\u00e9mico, pensamiento cr\u00edtico y una s\u00f3lida formaci\u00f3n humanista. Estudiar en Francia es mucho m\u00e1s que aprender franc\u00e9s: es vivir una experiencia cultural y educativa profundamente transformadora en [&hellip;]","og_url":"https:\/\/boardingschoolsabroad.com\/en-gb\/destinos\/francia\/","og_site_name":"Boarding School","article_publisher":"https:\/\/www.facebook.com\/boardingschoolsabroad\/","article_modified_time":"2026-01-30T14:55:46+00:00","og_image":[{"width":2560,"height":1707,"url":"https:\/\/boardingschoolsabroad.com\/wp-content\/uploads\/2026\/01\/pexels-optically-challenged-29356596-scaled.jpg","type":"image\/jpeg"}],"twitter_card":"summary_large_image","schema":{"@context":"https:\/\/schema.org","@graph":[{"@type":"WebPage","@id":"https:\/\/boardingschoolsabroad.com\/destinos\/francia\/","url":"https:\/\/boardingschoolsabroad.com\/destinos\/francia\/","name":"Francia - Boarding School","isPartOf":{"@id":"https:\/\/boardingschoolsabroad.com\/#website"},"primaryImageOfPage":{"@id":"https:\/\/boardingschoolsabroad.com\/destinos\/francia\/#primaryimage"},"image":{"@id":"https:\/\/boardingschoolsabroad.com\/destinos\/francia\/#primaryimage"},"thumbnailUrl":"https:\/\/boardingschoolsabroad.com\/wp-content\/uploads\/2026\/01\/pexels-optically-challenged-29356596-scaled.jpg","datePublished":"2026-01-15T17:22:04+00:00","dateModified":"2026-01-30T14:55:46+00:00","breadcrumb":{"@id":"https:\/\/boardingschoolsabroad.com\/destinos\/francia\/#breadcrumb"},"inLanguage":"en-GB","potentialAction":[{"@type":"ReadAction","target":["https:\/\/boardingschoolsabroad.com\/destinos\/francia\/"]}]},{"@type":"ImageObject","inLanguage":"en-GB","@id":"https:\/\/boardingschoolsabroad.com\/destinos\/francia\/#primaryimage","url":"https:\/\/boardingschoolsabroad.com\/wp-content\/uploads\/2026\/01\/pexels-optically-challenged-29356596-scaled.jpg","contentUrl":"https:\/\/boardingschoolsabroad.com\/wp-content\/uploads\/2026\/01\/pexels-optically-challenged-29356596-scaled.jpg"},{"@type":"BreadcrumbList","@id":"https:\/\/boardingschoolsabroad.com\/destinos\/francia\/#breadcrumb","itemListElement":[{"@type":"ListItem","position":1,"name":"Portada","item":"https:\/\/boardingschoolsabroad.com\/"},{"@type":"ListItem","position":2,"name":"Destinos","item":"https:\/\/boardingschoolsabroad.com\/destinos\/"},{"@type":"ListItem","position":3,"name":"Francia"}]},{"@type":"WebSite","@id":"https:\/\/boardingschoolsabroad.com\/#website","url":"https:\/\/boardingschoolsabroad.com\/","name":"Boarding School","description":"Boarding School:Colegios internos en Reino Unido, Irlanda, Suiza y Canad\u00e1. A\u00f1o escolar en el extranjero. A\u00f1o escolar en Irlanda con toda la familia, campamentos de verano e invierno en Reino Unido y Suiza, universidad en Reino Unido. Voluntariado","publisher":{"@id":"https:\/\/boardingschoolsabroad.com\/#organization"},"alternateName":"Boarding Schools Abroad","potentialAction":[{"@type":"SearchAction","target":{"@type":"EntryPoint","urlTemplate":"https:\/\/boardingschoolsabroad.com\/?s={search_term_string}"},"query-input":{"@type":"PropertyValueSpecification","valueRequired":true,"valueName":"search_term_string"}}],"inLanguage":"en-GB"},{"@type":"Organization","@id":"https:\/\/boardingschoolsabroad.com\/#organization","name":"Boarding Schools Abroad","alternateName":"Boarding School","url":"https:\/\/boardingschoolsabroad.com\/","logo":{"@type":"ImageObject","inLanguage":"en-GB","@id":"https:\/\/boardingschoolsabroad.com\/#\/schema\/logo\/image\/","url":"https:\/\/boardingschoolsabroad.com\/wp-content\/uploads\/2026\/02\/Boarding-Schools-Abroad-Logo.png","contentUrl":"https:\/\/boardingschoolsabroad.com\/wp-content\/uploads\/2026\/02\/Boarding-Schools-Abroad-Logo.png","width":519,"height":329,"caption":"Boarding Schools Abroad"},"image":{"@id":"https:\/\/boardingschoolsabroad.com\/#\/schema\/logo\/image\/"},"sameAs":["https:\/\/www.facebook.com\/boardingschoolsabroad\/","https:\/\/www.linkedin.com\/company\/boarding-schools-abroad-ltd\/","https:\/\/www.instagram.com\/boarding_schools_abroad\/","https:\/\/www.youtube.com\/@BoardingSchoolsAbroadLimited","https:\/\/maps.app.goo.gl\/zy7HAHtkCociJRjJ8"]}]}},"_links":{"self":[{"href":"https:\/\/boardingschoolsabroad.com\/en-gb\/wp-json\/wp\/v2\/pages\/2831","targetHints":{"allow":["GET"]}}],"collection":[{"href":"https:\/\/boardingschoolsabroad.com\/en-gb\/wp-json\/wp\/v2\/pages"}],"about":[{"href":"https:\/\/boardingschoolsabroad.com\/en-gb\/wp-json\/wp\/v2\/types\/page"}],"author":[{"embeddable":true,"href":"https:\/\/boardingschoolsabroad.com\/en-gb\/wp-json\/wp\/v2\/users\/2"}],"replies":[{"embeddable":true,"href":"https:\/\/boardingschoolsabroad.com\/en-gb\/wp-json\/wp\/v2\/comments?post=2831"}],"version-history":[{"count":0,"href":"https:\/\/boardingschoolsabroad.com\/en-gb\/wp-json\/wp\/v2\/pages\/2831\/revisions"}],"up":[{"embeddable":true,"href":"https:\/\/boardingschoolsabroad.com\/en-gb\/wp-json\/wp\/v2\/pages\/3299"}],"wp:attachment":[{"href":"https:\/\/boardingschoolsabroad.com\/en-gb\/wp-json\/wp\/v2\/media?parent=2831"}],"curies":[{"name":"wp","href":"https:\/\/api.w.org\/{rel}","templated":true}]}}