{"id":298,"date":"2025-12-22T16:14:16","date_gmt":"2025-12-22T16:14:16","guid":{"rendered":"https:\/\/bragencia.com\/?page_id=298"},"modified":"2026-02-28T07:16:23","modified_gmt":"2026-02-28T07:16:23","slug":"blog","status":"publish","type":"page","link":"https:\/\/boardingschoolsabroad.com\/en-gb\/blog\/","title":{"rendered":"Blog"},"content":{"rendered":"\t\t<div data-elementor-type=\"wp-page\" data-elementor-id=\"298\" class=\"elementor elementor-298\" data-elementor-post-type=\"page\">\n\t\t\t\t<div class=\"elementor-element elementor-element-f2ac3ee e-con-full e-flex e-con e-parent\" data-id=\"f2ac3ee\" data-element_type=\"container\" data-settings=\"{&quot;background_background&quot;:&quot;classic&quot;}\">\n\t\t\t\t<div class=\"elementor-element elementor-element-ff685e7 elementor-widget elementor-widget-heading\" data-id=\"ff685e7\" data-element_type=\"widget\" data-widget_type=\"heading.default\">\n\t\t\t\t\t<h1 class=\"elementor-heading-title elementor-size-default\">Blog<\/h1>\t\t\t\t<\/div>\n\t\t\t\t<div class=\"elementor-element elementor-element-dafab5a elementor-widget__width-initial elementor-widget elementor-widget-heading\" data-id=\"dafab5a\" data-element_type=\"widget\" data-widget_type=\"heading.default\">\n\t\t\t\t\t<h2 class=\"elementor-heading-title elementor-size-default\">Boardings Schools apunta no solo a exponerte nuestras opciones en educaci\u00f3n sino tambi\u00e9n  a informarte eventos, consejos y fechas importantes.<\/h2>\t\t\t\t<\/div>\n\t\t\t\t<\/div>\n\t\t<div class=\"elementor-element elementor-element-38387bd8 e-flex e-con-boxed e-con e-parent\" data-id=\"38387bd8\" data-element_type=\"container\">\n\t\t\t\t\t<div class=\"e-con-inner\">\n\t\t\t\t\t<\/div>\n\t\t\t\t<\/div>\n\t\t<div class=\"elementor-element elementor-element-5950c1d3 e-con-full e-flex e-con e-parent\" data-id=\"5950c1d3\" data-element_type=\"container\">\n\t\t\t\t<div class=\"elementor-element elementor-element-687ed0a5 elementor-widget__width-initial elementor-widget elementor-widget-text-editor\" data-id=\"687ed0a5\" data-element_type=\"widget\" data-widget_type=\"text-editor.default\">\n\t\t\t\t\t\t\t\t\t<h5>BLOG<\/h5>\t\t\t\t\t\t\t\t<\/div>\n\t\t\t\t<div class=\"elementor-element elementor-element-25640e94 elementor-widget elementor-widget-heading\" data-id=\"25640e94\" data-element_type=\"widget\" data-widget_type=\"heading.default\">\n\t\t\t\t\t<h2 class=\"elementor-heading-title elementor-size-default\">nuestro blog<\/h2>\t\t\t\t<\/div>\n\t\t\t\t<div class=\"elementor-element elementor-element-6272b95a elementor-widget__width-initial elementor-widget-mobile__width-initial elementor-widget elementor-widget-text-editor\" data-id=\"6272b95a\" data-element_type=\"widget\" data-widget_type=\"text-editor.default\">\n\t\t\t\t\t\t\t\t\t<p>Boarding Schools Abroad no solo te informa sino que tambi\u00e9n educa sobre las distintas opciones de educaci\u00f3n que ofrece<\/p>\t\t\t\t\t\t\t\t<\/div>\n\t\t\t\t<\/div>\n\t\t<div class=\"elementor-element elementor-element-a373ed9 e-flex e-con-boxed e-con e-parent\" data-id=\"a373ed9\" data-element_type=\"container\">\n\t\t\t\t\t<div class=\"e-con-inner\">\n\t\t\t\t<div class=\"elementor-element elementor-element-dbf9c16 elementor-widget elementor-widget-taxonomy-filter\" data-id=\"dbf9c16\" data-element_type=\"widget\" data-settings=\"{&quot;selected_element&quot;:&quot;3c505a8&quot;,&quot;taxonomy&quot;:&quot;category&quot;,&quot;item_alignment_horizontal&quot;:&quot;center&quot;,&quot;multiple_selection&quot;:&quot;no&quot;,&quot;horizontal_scroll&quot;:&quot;disable&quot;}\" data-widget_type=\"taxonomy-filter.default\">\n\t\t\t\t\t\t\t<search class=\"e-filter\" role=\"search\" data-base-url=\"https:\/\/boardingschoolsabroad.com\/en-gb\/\" data-page-num=\"1\">\n\t\t\t\t\t\t\t<button class=\"e-filter-item\" data-filter=\"consejos\" aria-pressed=\"false\">Consejos<\/button>\n\t\t\t\t\t\t\t<button class=\"e-filter-item\" data-filter=\"prensa\" aria-pressed=\"false\">Prensa<\/button>\n\t\t\t\n\t\t\t\t\t\t\t\t\t<button class=\"e-filter-item\" data-filter=\"__all\" aria-pressed=\"true\">\n\t\t\t\tTodos los art\u00edculos\t\t\t<\/button>\n\t\t\t\t\t<\/search>\n\t\t\t\t\t\t<\/div>\n\t\t\t\t<div class=\"elementor-element elementor-element-3c505a8 elementor-grid-3 elementor-grid-tablet-2 elementor-grid-mobile-1 elementor-widget elementor-widget-loop-grid\" data-id=\"3c505a8\" data-element_type=\"widget\" data-settings=\"{&quot;template_id&quot;:935,&quot;_skin&quot;:&quot;post&quot;,&quot;columns&quot;:&quot;3&quot;,&quot;columns_tablet&quot;:&quot;2&quot;,&quot;columns_mobile&quot;:&quot;1&quot;,&quot;edit_handle_selector&quot;:&quot;[data-elementor-type=\\&quot;loop-item\\&quot;]&quot;,&quot;row_gap&quot;:{&quot;unit&quot;:&quot;px&quot;,&quot;size&quot;:&quot;&quot;,&quot;sizes&quot;:[]},&quot;row_gap_tablet&quot;:{&quot;unit&quot;:&quot;px&quot;,&quot;size&quot;:&quot;&quot;,&quot;sizes&quot;:[]},&quot;row_gap_mobile&quot;:{&quot;unit&quot;:&quot;px&quot;,&quot;size&quot;:&quot;&quot;,&quot;sizes&quot;:[]}}\" data-widget_type=\"loop-grid.post\">\n\t\t\t\t<div class=\"elementor-widget-container\">\n\t\t\t\t\t\t\t<div class=\"elementor-loop-container elementor-grid\" role=\"list\">\n\t\t<style id=\"loop-935\">.elementor-935 .elementor-element.elementor-element-f4592f6{--display:flex;box-shadow:0px 0px 10px 0px rgba(0,0,0,0.5);--padding-top:1rem;--padding-bottom:1rem;--padding-left:1rem;--padding-right:1rem;}.elementor-935 .elementor-element.elementor-element-f4592f6:not(.elementor-motion-effects-element-type-background), .elementor-935 .elementor-element.elementor-element-f4592f6 > .elementor-motion-effects-container > .elementor-motion-effects-layer{background-color:var( --e-global-color-secondary );}.elementor-widget-theme-post-featured-image .widget-image-caption{color:var( --e-global-color-text );font-family:var( --e-global-typography-text-font-family ), Sans-serif;font-weight:var( --e-global-typography-text-font-weight );}.elementor-935 .elementor-element.elementor-element-ca978b1 img{height:40vh;object-fit:cover;object-position:center center;}.elementor-widget-theme-post-title .elementor-heading-title{font-family:var( --e-global-typography-primary-font-family ), Sans-serif;font-weight:var( --e-global-typography-primary-font-weight );color:var( --e-global-color-primary );}.elementor-935 .elementor-element.elementor-element-a37e0d7.elementor-element{--flex-grow:1;--flex-shrink:0;}.elementor-935 .elementor-element.elementor-element-a37e0d7 .elementor-heading-title{color:var( --e-global-color-text );}.elementor-widget-post-info .elementor-icon-list-item:not(:last-child):after{border-color:var( --e-global-color-text );}.elementor-widget-post-info .elementor-icon-list-icon i{color:var( --e-global-color-primary );}.elementor-widget-post-info .elementor-icon-list-icon svg{fill:var( --e-global-color-primary );}.elementor-widget-post-info .elementor-icon-list-text, .elementor-widget-post-info .elementor-icon-list-text a{color:var( --e-global-color-secondary );}.elementor-widget-post-info .elementor-icon-list-item{font-family:var( --e-global-typography-text-font-family ), Sans-serif;font-weight:var( --e-global-typography-text-font-weight );}.elementor-935 .elementor-element.elementor-element-9c2deb3 .elementor-icon-list-icon{width:14px;}.elementor-935 .elementor-element.elementor-element-9c2deb3 .elementor-icon-list-icon i{font-size:14px;}.elementor-935 .elementor-element.elementor-element-9c2deb3 .elementor-icon-list-icon svg{--e-icon-list-icon-size:14px;}.elementor-935 .elementor-element.elementor-element-9c2deb3 .elementor-icon-list-text, .elementor-935 .elementor-element.elementor-element-9c2deb3 .elementor-icon-list-text a{color:var( --e-global-color-a1d07fc );}<\/style>\t\t<div data-elementor-type=\"loop-item\" data-elementor-id=\"935\" class=\"elementor elementor-935 e-loop-item e-loop-item-956 post-956 post type-post status-publish format-standard has-post-thumbnail hentry category-prensa\" data-elementor-post-type=\"elementor_library\" data-custom-edit-handle=\"1\">\n\t\t\t<div class=\"elementor-element elementor-element-f4592f6 e-flex e-con-boxed e-con e-parent\" data-id=\"f4592f6\" data-element_type=\"container\" data-settings=\"{&quot;background_background&quot;:&quot;classic&quot;}\">\n\t\t\t\t\t<div class=\"e-con-inner\">\n\t\t\t\t<div class=\"elementor-element elementor-element-ca978b1 elementor-widget elementor-widget-theme-post-featured-image elementor-widget-image\" data-id=\"ca978b1\" data-element_type=\"widget\" data-widget_type=\"theme-post-featured-image.default\">\n\t\t\t\t\t\t\t\t\t\t\t\t\t\t\t<img fetchpriority=\"high\" decoding=\"async\" width=\"2560\" height=\"1707\" src=\"https:\/\/boardingschoolsabroad.com\/wp-content\/uploads\/2025\/12\/8b91aed42e7aa480321bf891c1a1b6f997a4da12-scaled.jpg\" class=\"attachment-full size-full wp-image-262\" alt=\"\" srcset=\"https:\/\/boardingschoolsabroad.com\/wp-content\/uploads\/2025\/12\/8b91aed42e7aa480321bf891c1a1b6f997a4da12-scaled.jpg 2560w, https:\/\/boardingschoolsabroad.com\/wp-content\/uploads\/2025\/12\/8b91aed42e7aa480321bf891c1a1b6f997a4da12-300x200.jpg 300w, https:\/\/boardingschoolsabroad.com\/wp-content\/uploads\/2025\/12\/8b91aed42e7aa480321bf891c1a1b6f997a4da12-1024x683.jpg 1024w, https:\/\/boardingschoolsabroad.com\/wp-content\/uploads\/2025\/12\/8b91aed42e7aa480321bf891c1a1b6f997a4da12-768x512.jpg 768w, https:\/\/boardingschoolsabroad.com\/wp-content\/uploads\/2025\/12\/8b91aed42e7aa480321bf891c1a1b6f997a4da12-1536x1024.jpg 1536w, https:\/\/boardingschoolsabroad.com\/wp-content\/uploads\/2025\/12\/8b91aed42e7aa480321bf891c1a1b6f997a4da12-2048x1366.jpg 2048w\" sizes=\"(max-width: 2560px) 100vw, 2560px\" \/>\t\t\t\t\t\t\t\t\t\t\t\t\t\t\t<\/div>\n\t\t\t\t<div class=\"elementor-element elementor-element-a37e0d7 elementor-widget elementor-widget-theme-post-title elementor-page-title elementor-widget-heading\" data-id=\"a37e0d7\" data-element_type=\"widget\" data-widget_type=\"theme-post-title.default\">\n\t\t\t\t\t<h4 class=\"elementor-heading-title elementor-size-default\"><a href=\"https:\/\/boardingschoolsabroad.com\/en-gb\/posts-de-prueba-2\/\"><strong>Posts de prueba 2<\/strong><\/a><\/h4>\t\t\t\t<\/div>\n\t\t\t\t<div class=\"elementor-element elementor-element-9c2deb3 elementor-align-left elementor-widget elementor-widget-post-info\" data-id=\"9c2deb3\" data-element_type=\"widget\" data-widget_type=\"post-info.default\">\n\t\t\t\t\t\t\t<ul class=\"elementor-inline-items elementor-icon-list-items elementor-post-info\">\n\t\t\t\t\t\t\t\t<li class=\"elementor-icon-list-item elementor-repeater-item-35edd31 elementor-inline-item\" itemprop=\"about\">\n\t\t\t\t\t\t\t\t\t\t\t\t\t<span class=\"elementor-icon-list-text elementor-post-info__item elementor-post-info__item--type-terms\">\n\t\t\t\t\t\t\t\t\t\t<span class=\"elementor-post-info__terms-list\">\n\t\t\t\t<a href=\"https:\/\/boardingschoolsabroad.com\/en-gb\/category\/prensa\/\" class=\"elementor-post-info__terms-list-item\">Prensa<\/a>\t\t\t\t<\/span>\n\t\t\t\t\t<\/span>\n\t\t\t\t\t\t\t\t<\/li>\n\t\t\t\t<li class=\"elementor-icon-list-item elementor-repeater-item-cd3bb24 elementor-inline-item\">\n\t\t\t\t\t\t\t\t\t\t<span class=\"elementor-icon-list-icon\">\n\t\t\t\t\t\t\t\t<i aria-hidden=\"true\" class=\"far fa-tags\"><\/i>\t\t\t\t\t\t\t<\/span>\n\t\t\t\t\t\t\t\t\t<span class=\"elementor-icon-list-text elementor-post-info__item elementor-post-info__item--type-custom\">\n\t\t\t\t\t\t\t\t\t\t8min lectura\t\t\t\t\t<\/span>\n\t\t\t\t\t\t\t\t<\/li>\n\t\t\t\t<\/ul>\n\t\t\t\t\t\t<\/div>\n\t\t\t\t\t<\/div>\n\t\t\t\t<\/div>\n\t\t\t\t<\/div>\n\t\t\t\t<div data-elementor-type=\"loop-item\" data-elementor-id=\"935\" class=\"elementor elementor-935 e-loop-item e-loop-item-519 post-519 post type-post status-publish format-standard has-post-thumbnail hentry category-consejos\" data-elementor-post-type=\"elementor_library\" data-custom-edit-handle=\"1\">\n\t\t\t<div class=\"elementor-element elementor-element-f4592f6 e-flex e-con-boxed e-con e-parent\" data-id=\"f4592f6\" data-element_type=\"container\" data-settings=\"{&quot;background_background&quot;:&quot;classic&quot;}\">\n\t\t\t\t\t<div class=\"e-con-inner\">\n\t\t\t\t<div class=\"elementor-element elementor-element-ca978b1 elementor-widget elementor-widget-theme-post-featured-image elementor-widget-image\" data-id=\"ca978b1\" data-element_type=\"widget\" data-widget_type=\"theme-post-featured-image.default\">\n\t\t\t\t\t\t\t\t\t\t\t\t\t\t\t<img decoding=\"async\" width=\"2560\" height=\"1707\" src=\"https:\/\/boardingschoolsabroad.com\/wp-content\/uploads\/2025\/12\/fd220fc03e222a987ab1b1ad2b364d9d66764520-scaled.jpg\" class=\"attachment-full size-full wp-image-520\" alt=\"\" srcset=\"https:\/\/boardingschoolsabroad.com\/wp-content\/uploads\/2025\/12\/fd220fc03e222a987ab1b1ad2b364d9d66764520-scaled.jpg 2560w, https:\/\/boardingschoolsabroad.com\/wp-content\/uploads\/2025\/12\/fd220fc03e222a987ab1b1ad2b364d9d66764520-300x200.jpg 300w, https:\/\/boardingschoolsabroad.com\/wp-content\/uploads\/2025\/12\/fd220fc03e222a987ab1b1ad2b364d9d66764520-1024x683.jpg 1024w, https:\/\/boardingschoolsabroad.com\/wp-content\/uploads\/2025\/12\/fd220fc03e222a987ab1b1ad2b364d9d66764520-768x512.jpg 768w, https:\/\/boardingschoolsabroad.com\/wp-content\/uploads\/2025\/12\/fd220fc03e222a987ab1b1ad2b364d9d66764520-1536x1024.jpg 1536w, https:\/\/boardingschoolsabroad.com\/wp-content\/uploads\/2025\/12\/fd220fc03e222a987ab1b1ad2b364d9d66764520-2048x1366.jpg 2048w\" sizes=\"(max-width: 2560px) 100vw, 2560px\" \/>\t\t\t\t\t\t\t\t\t\t\t\t\t\t\t<\/div>\n\t\t\t\t<div class=\"elementor-element elementor-element-a37e0d7 elementor-widget elementor-widget-theme-post-title elementor-page-title elementor-widget-heading\" data-id=\"a37e0d7\" data-element_type=\"widget\" data-widget_type=\"theme-post-title.default\">\n\t\t\t\t\t<h4 class=\"elementor-heading-title elementor-size-default\"><a href=\"https:\/\/boardingschoolsabroad.com\/en-gb\/we-are-here-to-help-como-mejorar-la-atencion-a-tus-hijos-durante-el-confinamiento\/\"><strong>WE ARE HERE TO HELP: Como mejorar la atenci\u00f3n a tus hijos durante el confinamiento<\/strong><\/a><\/h4>\t\t\t\t<\/div>\n\t\t\t\t<div class=\"elementor-element elementor-element-9c2deb3 elementor-align-left elementor-widget elementor-widget-post-info\" data-id=\"9c2deb3\" data-element_type=\"widget\" data-widget_type=\"post-info.default\">\n\t\t\t\t\t\t\t<ul class=\"elementor-inline-items elementor-icon-list-items elementor-post-info\">\n\t\t\t\t\t\t\t\t<li class=\"elementor-icon-list-item elementor-repeater-item-35edd31 elementor-inline-item\" itemprop=\"about\">\n\t\t\t\t\t\t\t\t\t\t\t\t\t<span class=\"elementor-icon-list-text elementor-post-info__item elementor-post-info__item--type-terms\">\n\t\t\t\t\t\t\t\t\t\t<span class=\"elementor-post-info__terms-list\">\n\t\t\t\t<a href=\"https:\/\/boardingschoolsabroad.com\/en-gb\/category\/consejos\/\" class=\"elementor-post-info__terms-list-item\">Consejos<\/a>\t\t\t\t<\/span>\n\t\t\t\t\t<\/span>\n\t\t\t\t\t\t\t\t<\/li>\n\t\t\t\t<li class=\"elementor-icon-list-item elementor-repeater-item-cd3bb24 elementor-inline-item\">\n\t\t\t\t\t\t\t\t\t\t<span class=\"elementor-icon-list-icon\">\n\t\t\t\t\t\t\t\t<i aria-hidden=\"true\" class=\"far fa-tags\"><\/i>\t\t\t\t\t\t\t<\/span>\n\t\t\t\t\t\t\t\t\t<span class=\"elementor-icon-list-text elementor-post-info__item elementor-post-info__item--type-custom\">\n\t\t\t\t\t\t\t\t\t\t3min lectura\t\t\t\t\t<\/span>\n\t\t\t\t\t\t\t\t<\/li>\n\t\t\t\t<\/ul>\n\t\t\t\t\t\t<\/div>\n\t\t\t\t\t<\/div>\n\t\t\t\t<\/div>\n\t\t\t\t<\/div>\n\t\t\t\t<\/div>\n\t\t\n\t\t\t\t\t\t<\/div>\n\t\t\t\t<\/div>\n\t\t\t\t\t<\/div>\n\t\t\t\t<\/div>\n\t\t\t\t<\/div>\n\t\t","protected":false},"excerpt":{"rendered":"<p>Blog Boardings Schools apunta no solo a exponerte nuestras opciones en educaci\u00f3n sino tambi\u00e9n a informarte eventos, consejos y fechas importantes. BLOG nuestro blog Boarding Schools Abroad no solo te informa sino que tambi\u00e9n educa sobre las distintas opciones de educaci\u00f3n que ofrece Consejos Prensa Todos los art\u00edculos<\/p>","protected":false},"author":2,"featured_media":0,"parent":0,"menu_order":0,"comment_status":"closed","ping_status":"closed","template":"","meta":{"_acf_changed":false,"footnotes":""},"class_list":["post-298","page","type-page","status-publish","hentry"],"acf":[],"yoast_head":"<!-- This site is optimized with the Yoast SEO plugin v27.0 - https:\/\/yoast.com\/product\/yoast-seo-wordpress\/ -->\n<title>Blog de Boarding Schools Abroad<\/title>\n<meta name=\"description\" content=\"Blog con nuestras opciones de educaci\u00f3n, informaci\u00f3n sobre eventos, consejos y fechas importantes...\" \/>\n<meta name=\"robots\" content=\"index, follow, max-snippet:-1, max-image-preview:large, max-video-preview:-1\" \/>\n<link rel=\"canonical\" href=\"https:\/\/boardingschoolsabroad.com\/en-gb\/blog\/\" \/>\n<meta property=\"og:locale\" content=\"en_GB\" \/>\n<meta property=\"og:type\" content=\"article\" \/>\n<meta property=\"og:title\" content=\"Blog de Boarding Schools Abroad\" \/>\n<meta property=\"og:description\" content=\"Blog con nuestras opciones de educaci\u00f3n, informaci\u00f3n sobre eventos, consejos y fechas importantes...\" \/>\n<meta property=\"og:url\" content=\"https:\/\/boardingschoolsabroad.com\/en-gb\/blog\/\" \/>\n<meta property=\"og:site_name\" content=\"Boarding School\" \/>\n<meta property=\"article:publisher\" content=\"https:\/\/www.facebook.com\/boardingschoolsabroad\/\" \/>\n<meta property=\"article:modified_time\" content=\"2026-02-28T07:16:23+00:00\" \/>\n<meta property=\"og:image\" content=\"https:\/\/boardingschoolsabroad.com\/wp-content\/uploads\/2026\/02\/Boarding-Schools-Abroad-Logo.png\" \/>\n\t<meta property=\"og:image:width\" content=\"519\" \/>\n\t<meta property=\"og:image:height\" content=\"329\" \/>\n\t<meta property=\"og:image:type\" content=\"image\/png\" \/>\n<meta name=\"twitter:card\" content=\"summary_large_image\" \/>\n<script type=\"application\/ld+json\" class=\"yoast-schema-graph\">{\"@context\":\"https:\/\/schema.org\",\"@graph\":[{\"@type\":\"WebPage\",\"@id\":\"https:\/\/boardingschoolsabroad.com\/blog\/\",\"url\":\"https:\/\/boardingschoolsabroad.com\/blog\/\",\"name\":\"Blog de Boarding Schools Abroad\",\"isPartOf\":{\"@id\":\"https:\/\/boardingschoolsabroad.com\/#website\"},\"datePublished\":\"2025-12-22T16:14:16+00:00\",\"dateModified\":\"2026-02-28T07:16:23+00:00\",\"description\":\"Blog con nuestras opciones de educaci\u00f3n, informaci\u00f3n sobre eventos, consejos y fechas importantes...\",\"breadcrumb\":{\"@id\":\"https:\/\/boardingschoolsabroad.com\/blog\/#breadcrumb\"},\"inLanguage\":\"en-GB\",\"potentialAction\":[{\"@type\":\"ReadAction\",\"target\":[\"https:\/\/boardingschoolsabroad.com\/blog\/\"]}]},{\"@type\":\"BreadcrumbList\",\"@id\":\"https:\/\/boardingschoolsabroad.com\/blog\/#breadcrumb\",\"itemListElement\":[{\"@type\":\"ListItem\",\"position\":1,\"name\":\"Portada\",\"item\":\"https:\/\/boardingschoolsabroad.com\/\"},{\"@type\":\"ListItem\",\"position\":2,\"name\":\"Blog\"}]},{\"@type\":\"WebSite\",\"@id\":\"https:\/\/boardingschoolsabroad.com\/#website\",\"url\":\"https:\/\/boardingschoolsabroad.com\/\",\"name\":\"Boarding School\",\"description\":\"Boarding School:Colegios internos en Reino Unido, Irlanda, Suiza y Canad\u00e1. A\u00f1o escolar en el extranjero. A\u00f1o escolar en Irlanda con toda la familia, campamentos de verano e invierno en Reino Unido y Suiza, universidad en Reino Unido. Voluntariado\",\"publisher\":{\"@id\":\"https:\/\/boardingschoolsabroad.com\/#organization\"},\"alternateName\":\"Boarding Schools Abroad\",\"potentialAction\":[{\"@type\":\"SearchAction\",\"target\":{\"@type\":\"EntryPoint\",\"urlTemplate\":\"https:\/\/boardingschoolsabroad.com\/?s={search_term_string}\"},\"query-input\":{\"@type\":\"PropertyValueSpecification\",\"valueRequired\":true,\"valueName\":\"search_term_string\"}}],\"inLanguage\":\"en-GB\"},{\"@type\":\"Organization\",\"@id\":\"https:\/\/boardingschoolsabroad.com\/#organization\",\"name\":\"Boarding Schools Abroad\",\"alternateName\":\"Boarding School\",\"url\":\"https:\/\/boardingschoolsabroad.com\/\",\"logo\":{\"@type\":\"ImageObject\",\"inLanguage\":\"en-GB\",\"@id\":\"https:\/\/boardingschoolsabroad.com\/#\/schema\/logo\/image\/\",\"url\":\"https:\/\/boardingschoolsabroad.com\/wp-content\/uploads\/2026\/02\/Boarding-Schools-Abroad-Logo.png\",\"contentUrl\":\"https:\/\/boardingschoolsabroad.com\/wp-content\/uploads\/2026\/02\/Boarding-Schools-Abroad-Logo.png\",\"width\":519,\"height\":329,\"caption\":\"Boarding Schools Abroad\"},\"image\":{\"@id\":\"https:\/\/boardingschoolsabroad.com\/#\/schema\/logo\/image\/\"},\"sameAs\":[\"https:\/\/www.facebook.com\/boardingschoolsabroad\/\",\"https:\/\/www.linkedin.com\/company\/boarding-schools-abroad-ltd\/\",\"https:\/\/www.instagram.com\/boarding_schools_abroad\/\",\"https:\/\/www.youtube.com\/@BoardingSchoolsAbroadLimited\",\"https:\/\/maps.app.goo.gl\/zy7HAHtkCociJRjJ8\"]}]}<\/script>\n<!-- \/ Yoast SEO plugin. -->","yoast_head_json":{"title":"Blog de Boarding Schools Abroad","description":"Blog con nuestras opciones de educaci\u00f3n, informaci\u00f3n sobre eventos, consejos y fechas importantes...","robots":{"index":"index","follow":"follow","max-snippet":"max-snippet:-1","max-image-preview":"max-image-preview:large","max-video-preview":"max-video-preview:-1"},"canonical":"https:\/\/boardingschoolsabroad.com\/en-gb\/blog\/","og_locale":"en_GB","og_type":"article","og_title":"Blog de Boarding Schools Abroad","og_description":"Blog con nuestras opciones de educaci\u00f3n, informaci\u00f3n sobre eventos, consejos y fechas importantes...","og_url":"https:\/\/boardingschoolsabroad.com\/en-gb\/blog\/","og_site_name":"Boarding School","article_publisher":"https:\/\/www.facebook.com\/boardingschoolsabroad\/","article_modified_time":"2026-02-28T07:16:23+00:00","og_image":[{"width":519,"height":329,"url":"https:\/\/boardingschoolsabroad.com\/wp-content\/uploads\/2026\/02\/Boarding-Schools-Abroad-Logo.png","type":"image\/png"}],"twitter_card":"summary_large_image","schema":{"@context":"https:\/\/schema.org","@graph":[{"@type":"WebPage","@id":"https:\/\/boardingschoolsabroad.com\/blog\/","url":"https:\/\/boardingschoolsabroad.com\/blog\/","name":"Blog de Boarding Schools Abroad","isPartOf":{"@id":"https:\/\/boardingschoolsabroad.com\/#website"},"datePublished":"2025-12-22T16:14:16+00:00","dateModified":"2026-02-28T07:16:23+00:00","description":"Blog con nuestras opciones de educaci\u00f3n, informaci\u00f3n sobre eventos, consejos y fechas importantes...","breadcrumb":{"@id":"https:\/\/boardingschoolsabroad.com\/blog\/#breadcrumb"},"inLanguage":"en-GB","potentialAction":[{"@type":"ReadAction","target":["https:\/\/boardingschoolsabroad.com\/blog\/"]}]},{"@type":"BreadcrumbList","@id":"https:\/\/boardingschoolsabroad.com\/blog\/#breadcrumb","itemListElement":[{"@type":"ListItem","position":1,"name":"Portada","item":"https:\/\/boardingschoolsabroad.com\/"},{"@type":"ListItem","position":2,"name":"Blog"}]},{"@type":"WebSite","@id":"https:\/\/boardingschoolsabroad.com\/#website","url":"https:\/\/boardingschoolsabroad.com\/","name":"Boarding School","description":"Boarding School:Colegios internos en Reino Unido, Irlanda, Suiza y Canad\u00e1. A\u00f1o escolar en el extranjero. A\u00f1o escolar en Irlanda con toda la familia, campamentos de verano e invierno en Reino Unido y Suiza, universidad en Reino Unido. Voluntariado","publisher":{"@id":"https:\/\/boardingschoolsabroad.com\/#organization"},"alternateName":"Boarding Schools Abroad","potentialAction":[{"@type":"SearchAction","target":{"@type":"EntryPoint","urlTemplate":"https:\/\/boardingschoolsabroad.com\/?s={search_term_string}"},"query-input":{"@type":"PropertyValueSpecification","valueRequired":true,"valueName":"search_term_string"}}],"inLanguage":"en-GB"},{"@type":"Organization","@id":"https:\/\/boardingschoolsabroad.com\/#organization","name":"Boarding Schools Abroad","alternateName":"Boarding School","url":"https:\/\/boardingschoolsabroad.com\/","logo":{"@type":"ImageObject","inLanguage":"en-GB","@id":"https:\/\/boardingschoolsabroad.com\/#\/schema\/logo\/image\/","url":"https:\/\/boardingschoolsabroad.com\/wp-content\/uploads\/2026\/02\/Boarding-Schools-Abroad-Logo.png","contentUrl":"https:\/\/boardingschoolsabroad.com\/wp-content\/uploads\/2026\/02\/Boarding-Schools-Abroad-Logo.png","width":519,"height":329,"caption":"Boarding Schools Abroad"},"image":{"@id":"https:\/\/boardingschoolsabroad.com\/#\/schema\/logo\/image\/"},"sameAs":["https:\/\/www.facebook.com\/boardingschoolsabroad\/","https:\/\/www.linkedin.com\/company\/boarding-schools-abroad-ltd\/","https:\/\/www.instagram.com\/boarding_schools_abroad\/","https:\/\/www.youtube.com\/@BoardingSchoolsAbroadLimited","https:\/\/maps.app.goo.gl\/zy7HAHtkCociJRjJ8"]}]}},"_links":{"self":[{"href":"https:\/\/boardingschoolsabroad.com\/en-gb\/wp-json\/wp\/v2\/pages\/298","targetHints":{"allow":["GET"]}}],"collection":[{"href":"https:\/\/boardingschoolsabroad.com\/en-gb\/wp-json\/wp\/v2\/pages"}],"about":[{"href":"https:\/\/boardingschoolsabroad.com\/en-gb\/wp-json\/wp\/v2\/types\/page"}],"author":[{"embeddable":true,"href":"https:\/\/boardingschoolsabroad.com\/en-gb\/wp-json\/wp\/v2\/users\/2"}],"replies":[{"embeddable":true,"href":"https:\/\/boardingschoolsabroad.com\/en-gb\/wp-json\/wp\/v2\/comments?post=298"}],"version-history":[{"count":0,"href":"https:\/\/boardingschoolsabroad.com\/en-gb\/wp-json\/wp\/v2\/pages\/298\/revisions"}],"wp:attachment":[{"href":"https:\/\/boardingschoolsabroad.com\/en-gb\/wp-json\/wp\/v2\/media?parent=298"}],"curies":[{"name":"wp","href":"https:\/\/api.w.org\/{rel}","templated":true}]}}