{"id":4688,"date":"2026-02-06T14:07:07","date_gmt":"2026-02-06T14:07:07","guid":{"rendered":"https:\/\/bragencia.com\/?page_id=4688"},"modified":"2026-02-06T14:08:33","modified_gmt":"2026-02-06T14:08:33","slug":"politica-de-cookies","status":"publish","type":"page","link":"https:\/\/boardingschoolsabroad.com\/en-gb\/politica-de-cookies\/","title":{"rendered":"Pol\u00edtica de cookies"},"content":{"rendered":"\t\t<div data-elementor-type=\"wp-page\" data-elementor-id=\"4688\" class=\"elementor elementor-4688\" data-elementor-post-type=\"page\">\n\t\t\t\t<div class=\"elementor-element elementor-element-eecf6e7 e-con-full e-flex e-con e-parent\" data-id=\"eecf6e7\" data-element_type=\"container\" data-settings=\"{&quot;background_background&quot;:&quot;classic&quot;}\">\n\t\t\t\t<div class=\"elementor-element elementor-element-dcb985c elementor-widget elementor-widget-heading\" data-id=\"dcb985c\" data-element_type=\"widget\" data-widget_type=\"heading.default\">\n\t\t\t\t\t<h1 class=\"elementor-heading-title elementor-size-default\">Pol\u00edtica de cookies<\/h1>\t\t\t\t<\/div>\n\t\t\t\t<\/div>\n\t\t<div class=\"elementor-element elementor-element-c67e983 e-flex e-con-boxed e-con e-parent\" data-id=\"c67e983\" data-element_type=\"container\">\n\t\t\t\t\t<div class=\"e-con-inner\">\n\t\t\t\t<div class=\"elementor-element elementor-element-4d29e44 elementor-widget elementor-widget-shortcode\" data-id=\"4d29e44\" data-element_type=\"widget\" data-widget_type=\"shortcode.default\">\n\t\t\t\t\t\t\t<div class=\"elementor-shortcode\">[rank_math_breadcrumb]<\/div>\n\t\t\t\t\t\t<\/div>\n\t\t\t\t\t<\/div>\n\t\t\t\t<\/div>\n\t\t<div class=\"elementor-element elementor-element-163c632 e-flex e-con-boxed e-con e-parent\" data-id=\"163c632\" data-element_type=\"container\">\n\t\t\t\t\t<div class=\"e-con-inner\">\n\t\t\t\t<div class=\"elementor-element elementor-element-67e8c09 elementor-widget elementor-widget-heading\" data-id=\"67e8c09\" data-element_type=\"widget\" data-widget_type=\"heading.default\">\n\t\t\t\t\t<h2 class=\"elementor-heading-title elementor-size-default\">POL\u00cdTICA DE COOKIES \u2013 BOARDING SCHOOLS ABROAD<\/h2>\t\t\t\t<\/div>\n\t\t\t\t<div class=\"elementor-element elementor-element-46a8aa3 elementor-widget elementor-widget-text-editor\" data-id=\"46a8aa3\" data-element_type=\"widget\" data-widget_type=\"text-editor.default\">\n\t\t\t\t\t\t\t\t\t<p>En Boarding Schools Abroad utilizamos cookies propias y de terceros con el objetivo de mejorar la experiencia de navegaci\u00f3n del usuario, analizar el uso del sitio web y, en su caso, ofrecer contenidos personalizados.<\/p><p>De conformidad con la normativa vigente en materia de protecci\u00f3n de datos y servicios digitales (RGPD, UK GDPR y legislaci\u00f3n sobre cookies), a continuaci\u00f3n se informa de forma clara sobre el uso de cookies en este sitio web.<\/p><ol><li><strong><b> \u00bfQu\u00e9 son las cookies?<\/b><\/strong><\/li><\/ol><p>Las cookies son peque\u00f1os archivos de texto que se almacenan en el dispositivo del usuario cuando visita una p\u00e1gina web. Permiten que la web recuerde informaci\u00f3n sobre su visita para facilitar futuras navegaciones y mejorar la experiencia.<\/p><ol start=\"2\"><li><strong><b> Tipos de cookies utilizadas en este sitio web<\/b><\/strong><\/li><li><strong><b>a) Cookies t\u00e9cnicas o necesarias<\/b><\/strong><\/li><\/ol><p>Son esenciales para el correcto funcionamiento de la web y permiten, por ejemplo:<\/p><ul><li>La navegaci\u00f3n por la p\u00e1gina<\/li><li>El acceso a \u00e1reas seguras<\/li><li>El env\u00edo de formularios<\/li><\/ul><p>Estas cookies no requieren el consentimiento del usuario.<\/p><ol><li><strong><b>b) Cookies de an\u00e1lisis<\/b><\/strong><\/li><\/ol><p>Permiten analizar el comportamiento de los usuarios en la web con el fin de mejorar los servicios ofrecidos.<\/p><p>Por ejemplo:<\/p><ul><li>N\u00famero de visitantes<\/li><li>P\u00e1ginas m\u00e1s visitadas<\/li><li>Tiempo de navegaci\u00f3n<\/li><\/ul><p>Normalmente se utilizan herramientas de terceros como Google Analytics u otras similares.<\/p><ol><li><strong><b>c) Cookies de personalizaci\u00f3n<\/b><\/strong><\/li><\/ol><p>Permiten recordar preferencias del usuario, como idioma o regi\u00f3n.<\/p><ol><li><strong><b>d) Cookies de marketing o publicitarias (si se utilizan)<\/b><\/strong><\/li><\/ol><p>Se emplean para mostrar contenidos o anuncios personalizados seg\u00fan los intereses del usuario.<\/p><ol start=\"3\"><li><strong><b> Gesti\u00f3n y configuraci\u00f3n de cookies<\/b><\/strong><\/li><\/ol><p>Al acceder a este sitio web, el usuario puede:<\/p><ul><li>Aceptar todas las cookies<\/li><li>Rechazar las cookies no esenciales<\/li><li>Configurar sus preferencias<\/li><\/ul><p>Estas opciones estar\u00e1n disponibles a trav\u00e9s del banner de cookies.<\/p><p>Asimismo, el usuario puede modificar la configuraci\u00f3n de cookies desde su navegador en cualquier momento.<\/p><ol start=\"4\"><li><strong><b> Cookies de terceros<\/b><\/strong><\/li><\/ol><p>Este sitio web puede utilizar servicios de terceros que recopilan informaci\u00f3n con fines estad\u00edsticos o publicitarios, como herramientas de an\u00e1lisis web.<\/p><p>Estos terceros gestionan sus propias cookies conforme a sus respectivas pol\u00edticas de privacidad.<\/p><ol start=\"5\"><li><strong><b> Conservaci\u00f3n de las cookies<\/b><\/strong><\/li><\/ol><p>Las cookies se conservar\u00e1n durante el tiempo necesario para cumplir su finalidad o seg\u00fan lo establecido por cada proveedor.<\/p><ol start=\"6\"><li><strong><b> Actualizaciones de la Pol\u00edtica de Cookies<\/b><\/strong><\/li><\/ol><p>Boarding Schools Abroad podr\u00e1 modificar esta Pol\u00edtica de Cookies en funci\u00f3n de exigencias legales o cambios en el funcionamiento de la web.<\/p><p>Se recomienda al usuario revisarla peri\u00f3dicamente.<\/p>\t\t\t\t\t\t\t\t<\/div>\n\t\t\t\t\t<\/div>\n\t\t\t\t<\/div>\n\t\t\t\t<\/div>\n\t\t","protected":false},"excerpt":{"rendered":"<p>Pol\u00edtica de cookies [rank_math_breadcrumb] POL\u00cdTICA DE COOKIES \u2013 BOARDING SCHOOLS ABROAD En Boarding Schools Abroad utilizamos cookies propias y de terceros con el objetivo de mejorar la experiencia de navegaci\u00f3n del usuario, analizar el uso del sitio web y, en su caso, ofrecer contenidos personalizados. De conformidad con la normativa vigente en materia de protecci\u00f3n [&hellip;]<\/p>\n","protected":false},"author":2,"featured_media":0,"parent":0,"menu_order":0,"comment_status":"closed","ping_status":"closed","template":"","meta":{"_acf_changed":false,"footnotes":""},"class_list":["post-4688","page","type-page","status-publish","hentry"],"acf":[],"yoast_head":"<!-- This site is optimized with the Yoast SEO plugin v27.0 - https:\/\/yoast.com\/product\/yoast-seo-wordpress\/ -->\n<title>Pol\u00edtica de cookies - Boarding School<\/title>\n<meta name=\"robots\" content=\"index, follow, max-snippet:-1, max-image-preview:large, max-video-preview:-1\" \/>\n<link rel=\"canonical\" href=\"https:\/\/boardingschoolsabroad.com\/en-gb\/politica-de-cookies\/\" \/>\n<meta property=\"og:locale\" content=\"en_GB\" \/>\n<meta property=\"og:type\" content=\"article\" \/>\n<meta property=\"og:title\" content=\"Pol\u00edtica de cookies - Boarding School\" \/>\n<meta property=\"og:description\" content=\"Pol\u00edtica de cookies [rank_math_breadcrumb] POL\u00cdTICA DE COOKIES \u2013 BOARDING SCHOOLS ABROAD En Boarding Schools Abroad utilizamos cookies propias y de terceros con el objetivo de mejorar la experiencia de navegaci\u00f3n del usuario, analizar el uso del sitio web y, en su caso, ofrecer contenidos personalizados. De conformidad con la normativa vigente en materia de protecci\u00f3n [&hellip;]\" \/>\n<meta property=\"og:url\" content=\"https:\/\/boardingschoolsabroad.com\/en-gb\/politica-de-cookies\/\" \/>\n<meta property=\"og:site_name\" content=\"Boarding School\" \/>\n<meta property=\"article:publisher\" content=\"https:\/\/www.facebook.com\/boardingschoolsabroad\/\" \/>\n<meta property=\"article:modified_time\" content=\"2026-02-06T14:08:33+00:00\" \/>\n<meta property=\"og:image\" content=\"https:\/\/boardingschoolsabroad.com\/wp-content\/uploads\/2026\/02\/Boarding-Schools-Abroad-Logo.png\" \/>\n\t<meta property=\"og:image:width\" content=\"519\" \/>\n\t<meta property=\"og:image:height\" content=\"329\" \/>\n\t<meta property=\"og:image:type\" content=\"image\/png\" \/>\n<meta name=\"twitter:card\" content=\"summary_large_image\" \/>\n<script type=\"application\/ld+json\" class=\"yoast-schema-graph\">{\"@context\":\"https:\/\/schema.org\",\"@graph\":[{\"@type\":\"WebPage\",\"@id\":\"https:\/\/boardingschoolsabroad.com\/politica-de-cookies\/\",\"url\":\"https:\/\/boardingschoolsabroad.com\/politica-de-cookies\/\",\"name\":\"Pol\u00edtica de cookies - Boarding School\",\"isPartOf\":{\"@id\":\"https:\/\/boardingschoolsabroad.com\/#website\"},\"datePublished\":\"2026-02-06T14:07:07+00:00\",\"dateModified\":\"2026-02-06T14:08:33+00:00\",\"breadcrumb\":{\"@id\":\"https:\/\/boardingschoolsabroad.com\/politica-de-cookies\/#breadcrumb\"},\"inLanguage\":\"en-GB\",\"potentialAction\":[{\"@type\":\"ReadAction\",\"target\":[\"https:\/\/boardingschoolsabroad.com\/politica-de-cookies\/\"]}]},{\"@type\":\"BreadcrumbList\",\"@id\":\"https:\/\/boardingschoolsabroad.com\/politica-de-cookies\/#breadcrumb\",\"itemListElement\":[{\"@type\":\"ListItem\",\"position\":1,\"name\":\"Portada\",\"item\":\"https:\/\/boardingschoolsabroad.com\/\"},{\"@type\":\"ListItem\",\"position\":2,\"name\":\"Pol\u00edtica de cookies\"}]},{\"@type\":\"WebSite\",\"@id\":\"https:\/\/boardingschoolsabroad.com\/#website\",\"url\":\"https:\/\/boardingschoolsabroad.com\/\",\"name\":\"Boarding School\",\"description\":\"Boarding School:Colegios internos en Reino Unido, Irlanda, Suiza y Canad\u00e1. A\u00f1o escolar en el extranjero. A\u00f1o escolar en Irlanda con toda la familia, campamentos de verano e invierno en Reino Unido y Suiza, universidad en Reino Unido. Voluntariado\",\"publisher\":{\"@id\":\"https:\/\/boardingschoolsabroad.com\/#organization\"},\"alternateName\":\"Boarding Schools Abroad\",\"potentialAction\":[{\"@type\":\"SearchAction\",\"target\":{\"@type\":\"EntryPoint\",\"urlTemplate\":\"https:\/\/boardingschoolsabroad.com\/?s={search_term_string}\"},\"query-input\":{\"@type\":\"PropertyValueSpecification\",\"valueRequired\":true,\"valueName\":\"search_term_string\"}}],\"inLanguage\":\"en-GB\"},{\"@type\":\"Organization\",\"@id\":\"https:\/\/boardingschoolsabroad.com\/#organization\",\"name\":\"Boarding Schools Abroad\",\"alternateName\":\"Boarding School\",\"url\":\"https:\/\/boardingschoolsabroad.com\/\",\"logo\":{\"@type\":\"ImageObject\",\"inLanguage\":\"en-GB\",\"@id\":\"https:\/\/boardingschoolsabroad.com\/#\/schema\/logo\/image\/\",\"url\":\"https:\/\/boardingschoolsabroad.com\/wp-content\/uploads\/2026\/02\/Boarding-Schools-Abroad-Logo.png\",\"contentUrl\":\"https:\/\/boardingschoolsabroad.com\/wp-content\/uploads\/2026\/02\/Boarding-Schools-Abroad-Logo.png\",\"width\":519,\"height\":329,\"caption\":\"Boarding Schools Abroad\"},\"image\":{\"@id\":\"https:\/\/boardingschoolsabroad.com\/#\/schema\/logo\/image\/\"},\"sameAs\":[\"https:\/\/www.facebook.com\/boardingschoolsabroad\/\",\"https:\/\/www.linkedin.com\/company\/boarding-schools-abroad-ltd\/\",\"https:\/\/www.instagram.com\/boarding_schools_abroad\/\",\"https:\/\/www.youtube.com\/@BoardingSchoolsAbroadLimited\",\"https:\/\/maps.app.goo.gl\/zy7HAHtkCociJRjJ8\"]}]}<\/script>\n<!-- \/ Yoast SEO plugin. -->","yoast_head_json":{"title":"Pol\u00edtica de cookies - Boarding School","robots":{"index":"index","follow":"follow","max-snippet":"max-snippet:-1","max-image-preview":"max-image-preview:large","max-video-preview":"max-video-preview:-1"},"canonical":"https:\/\/boardingschoolsabroad.com\/en-gb\/politica-de-cookies\/","og_locale":"en_GB","og_type":"article","og_title":"Pol\u00edtica de cookies - Boarding School","og_description":"Pol\u00edtica de cookies [rank_math_breadcrumb] POL\u00cdTICA DE COOKIES \u2013 BOARDING SCHOOLS ABROAD En Boarding Schools Abroad utilizamos cookies propias y de terceros con el objetivo de mejorar la experiencia de navegaci\u00f3n del usuario, analizar el uso del sitio web y, en su caso, ofrecer contenidos personalizados. De conformidad con la normativa vigente en materia de protecci\u00f3n [&hellip;]","og_url":"https:\/\/boardingschoolsabroad.com\/en-gb\/politica-de-cookies\/","og_site_name":"Boarding School","article_publisher":"https:\/\/www.facebook.com\/boardingschoolsabroad\/","article_modified_time":"2026-02-06T14:08:33+00:00","og_image":[{"width":519,"height":329,"url":"https:\/\/boardingschoolsabroad.com\/wp-content\/uploads\/2026\/02\/Boarding-Schools-Abroad-Logo.png","type":"image\/png"}],"twitter_card":"summary_large_image","schema":{"@context":"https:\/\/schema.org","@graph":[{"@type":"WebPage","@id":"https:\/\/boardingschoolsabroad.com\/politica-de-cookies\/","url":"https:\/\/boardingschoolsabroad.com\/politica-de-cookies\/","name":"Pol\u00edtica de cookies - Boarding School","isPartOf":{"@id":"https:\/\/boardingschoolsabroad.com\/#website"},"datePublished":"2026-02-06T14:07:07+00:00","dateModified":"2026-02-06T14:08:33+00:00","breadcrumb":{"@id":"https:\/\/boardingschoolsabroad.com\/politica-de-cookies\/#breadcrumb"},"inLanguage":"en-GB","potentialAction":[{"@type":"ReadAction","target":["https:\/\/boardingschoolsabroad.com\/politica-de-cookies\/"]}]},{"@type":"BreadcrumbList","@id":"https:\/\/boardingschoolsabroad.com\/politica-de-cookies\/#breadcrumb","itemListElement":[{"@type":"ListItem","position":1,"name":"Portada","item":"https:\/\/boardingschoolsabroad.com\/"},{"@type":"ListItem","position":2,"name":"Pol\u00edtica de cookies"}]},{"@type":"WebSite","@id":"https:\/\/boardingschoolsabroad.com\/#website","url":"https:\/\/boardingschoolsabroad.com\/","name":"Boarding School","description":"Boarding School:Colegios internos en Reino Unido, Irlanda, Suiza y Canad\u00e1. A\u00f1o escolar en el extranjero. A\u00f1o escolar en Irlanda con toda la familia, campamentos de verano e invierno en Reino Unido y Suiza, universidad en Reino Unido. Voluntariado","publisher":{"@id":"https:\/\/boardingschoolsabroad.com\/#organization"},"alternateName":"Boarding Schools Abroad","potentialAction":[{"@type":"SearchAction","target":{"@type":"EntryPoint","urlTemplate":"https:\/\/boardingschoolsabroad.com\/?s={search_term_string}"},"query-input":{"@type":"PropertyValueSpecification","valueRequired":true,"valueName":"search_term_string"}}],"inLanguage":"en-GB"},{"@type":"Organization","@id":"https:\/\/boardingschoolsabroad.com\/#organization","name":"Boarding Schools Abroad","alternateName":"Boarding School","url":"https:\/\/boardingschoolsabroad.com\/","logo":{"@type":"ImageObject","inLanguage":"en-GB","@id":"https:\/\/boardingschoolsabroad.com\/#\/schema\/logo\/image\/","url":"https:\/\/boardingschoolsabroad.com\/wp-content\/uploads\/2026\/02\/Boarding-Schools-Abroad-Logo.png","contentUrl":"https:\/\/boardingschoolsabroad.com\/wp-content\/uploads\/2026\/02\/Boarding-Schools-Abroad-Logo.png","width":519,"height":329,"caption":"Boarding Schools Abroad"},"image":{"@id":"https:\/\/boardingschoolsabroad.com\/#\/schema\/logo\/image\/"},"sameAs":["https:\/\/www.facebook.com\/boardingschoolsabroad\/","https:\/\/www.linkedin.com\/company\/boarding-schools-abroad-ltd\/","https:\/\/www.instagram.com\/boarding_schools_abroad\/","https:\/\/www.youtube.com\/@BoardingSchoolsAbroadLimited","https:\/\/maps.app.goo.gl\/zy7HAHtkCociJRjJ8"]}]}},"_links":{"self":[{"href":"https:\/\/boardingschoolsabroad.com\/en-gb\/wp-json\/wp\/v2\/pages\/4688","targetHints":{"allow":["GET"]}}],"collection":[{"href":"https:\/\/boardingschoolsabroad.com\/en-gb\/wp-json\/wp\/v2\/pages"}],"about":[{"href":"https:\/\/boardingschoolsabroad.com\/en-gb\/wp-json\/wp\/v2\/types\/page"}],"author":[{"embeddable":true,"href":"https:\/\/boardingschoolsabroad.com\/en-gb\/wp-json\/wp\/v2\/users\/2"}],"replies":[{"embeddable":true,"href":"https:\/\/boardingschoolsabroad.com\/en-gb\/wp-json\/wp\/v2\/comments?post=4688"}],"version-history":[{"count":0,"href":"https:\/\/boardingschoolsabroad.com\/en-gb\/wp-json\/wp\/v2\/pages\/4688\/revisions"}],"wp:attachment":[{"href":"https:\/\/boardingschoolsabroad.com\/en-gb\/wp-json\/wp\/v2\/media?parent=4688"}],"curies":[{"name":"wp","href":"https:\/\/api.w.org\/{rel}","templated":true}]}}