{"id":4697,"date":"2026-02-06T14:08:55","date_gmt":"2026-02-06T14:08:55","guid":{"rendered":"https:\/\/bragencia.com\/?page_id=4697"},"modified":"2026-02-06T14:09:39","modified_gmt":"2026-02-06T14:09:39","slug":"aviso-legal","status":"publish","type":"page","link":"https:\/\/boardingschoolsabroad.com\/en-gb\/aviso-legal\/","title":{"rendered":"Aviso legal"},"content":{"rendered":"\t\t<div data-elementor-type=\"wp-page\" data-elementor-id=\"4697\" class=\"elementor elementor-4697\" data-elementor-post-type=\"page\">\n\t\t\t\t<div class=\"elementor-element elementor-element-47a075f e-con-full e-flex e-con e-parent\" data-id=\"47a075f\" data-element_type=\"container\" data-settings=\"{&quot;background_background&quot;:&quot;classic&quot;}\">\n\t\t\t\t<div class=\"elementor-element elementor-element-ed7c55c elementor-widget elementor-widget-heading\" data-id=\"ed7c55c\" data-element_type=\"widget\" data-widget_type=\"heading.default\">\n\t\t\t\t\t<h1 class=\"elementor-heading-title elementor-size-default\">Aviso legal<\/h1>\t\t\t\t<\/div>\n\t\t\t\t<\/div>\n\t\t<div class=\"elementor-element elementor-element-6ce3ec0 e-flex e-con-boxed e-con e-parent\" data-id=\"6ce3ec0\" data-element_type=\"container\">\n\t\t\t\t\t<div class=\"e-con-inner\">\n\t\t\t\t<div class=\"elementor-element elementor-element-f4bb103 elementor-widget elementor-widget-shortcode\" data-id=\"f4bb103\" data-element_type=\"widget\" data-widget_type=\"shortcode.default\">\n\t\t\t\t\t\t\t<div class=\"elementor-shortcode\">[rank_math_breadcrumb]<\/div>\n\t\t\t\t\t\t<\/div>\n\t\t\t\t\t<\/div>\n\t\t\t\t<\/div>\n\t\t<div class=\"elementor-element elementor-element-b67a0e7 e-flex e-con-boxed e-con e-parent\" data-id=\"b67a0e7\" data-element_type=\"container\">\n\t\t\t\t\t<div class=\"e-con-inner\">\n\t\t\t\t<div class=\"elementor-element elementor-element-2d55f41 elementor-widget elementor-widget-heading\" data-id=\"2d55f41\" data-element_type=\"widget\" data-widget_type=\"heading.default\">\n\t\t\t\t\t<h2 class=\"elementor-heading-title elementor-size-default\">AVISO LEGAL \u2013 BOARDING SCHOOLS ABROAD<\/h2>\t\t\t\t<\/div>\n\t\t\t\t<div class=\"elementor-element elementor-element-804bbf3 elementor-widget elementor-widget-text-editor\" data-id=\"804bbf3\" data-element_type=\"widget\" data-widget_type=\"text-editor.default\">\n\t\t\t\t\t\t\t\t\t<p>En cumplimiento de la normativa vigente en materia de servicios digitales y comercio electr\u00f3nico, se informa a los usuarios de los siguientes datos:<\/p><ol><li><strong><b> Titular del sitio web<\/b><\/strong><\/li><\/ol><p><strong><b>Raz\u00f3n social:<\/b><\/strong>\u00a0Boarding Schools Abroad Limited<br \/><strong><b>Domicilio social:<\/b><\/strong>\u00a07 Bell Yard, London, WC2A 2JR, Reino Unido<br \/><strong><b>Correo electr\u00f3nico de contacto:<\/b><\/strong>\u00a0hello@boardingschoolsabroad.com<\/p><ol start=\"2\"><li><strong><b> Objeto<\/b><\/strong><\/li><\/ol><p>El presente sitio web tiene como finalidad ofrecer informaci\u00f3n sobre los servicios de asesoramiento educativo internacional prestados por Boarding Schools Abroad, incluyendo internados privados, programas familiares, campamentos internacionales y acceso a universidades.<\/p><ol start=\"3\"><li><strong><b> Condiciones de uso<\/b><\/strong><\/li><\/ol><p>El acceso y uso de este sitio web atribuye la condici\u00f3n de usuario e implica la aceptaci\u00f3n de las condiciones aqu\u00ed reflejadas.<\/p><p>El usuario se compromete a hacer un uso adecuado de los contenidos y servicios y a no emplearlos para actividades il\u00edcitas o contrarias a la buena fe.<\/p><ol start=\"4\"><li><strong><b> Responsabilidad<\/b><\/strong><\/li><\/ol><p>Boarding Schools Abroad no se responsabiliza de:<\/p><ul><li>El mal uso que se realice del contenido de la web<\/li><li>Posibles errores t\u00e9cnicos o interrupciones del servicio<\/li><li>Contenidos de terceros a los que se pueda acceder mediante enlaces externos<\/li><\/ul><ol start=\"5\"><li><strong><b> Propiedad intelectual e industrial<\/b><\/strong><\/li><\/ol><p>Todos los contenidos del sitio web (textos, im\u00e1genes, logotipos, dise\u00f1o, estructura, etc.) son propiedad de Boarding Schools Abroad o cuentan con autorizaci\u00f3n para su uso.<\/p><p>Queda prohibida su reproducci\u00f3n, distribuci\u00f3n o modificaci\u00f3n sin autorizaci\u00f3n expresa.<\/p><ol start=\"6\"><li><strong><b> Enlaces externos<\/b><\/strong><\/li><\/ol><p>Este sitio web puede contener enlaces a p\u00e1ginas de terceros, sobre las que Boarding Schools Abroad no ejerce control y no asume responsabilidad alguna por sus contenidos o pol\u00edticas.<\/p><ol start=\"7\"><li><strong><b> Legislaci\u00f3n aplicable y jurisdicci\u00f3n<\/b><\/strong><\/li><\/ol><p>Este Aviso Legal se rige por la legislaci\u00f3n vigente en el Reino Unido, sin perjuicio de la aplicaci\u00f3n de la normativa europea de protecci\u00f3n de datos cuando corresponda.<\/p><p>Para la resoluci\u00f3n de cualquier controversia, las partes se someter\u00e1n a los juzgados y tribunales competentes conforme a la normativa aplicable.<\/p>\t\t\t\t\t\t\t\t<\/div>\n\t\t\t\t\t<\/div>\n\t\t\t\t<\/div>\n\t\t\t\t<\/div>\n\t\t","protected":false},"excerpt":{"rendered":"<p>Aviso legal [rank_math_breadcrumb] AVISO LEGAL \u2013 BOARDING SCHOOLS ABROAD En cumplimiento de la normativa vigente en materia de servicios digitales y comercio electr\u00f3nico, se informa a los usuarios de los siguientes datos: Titular del sitio web Raz\u00f3n social:\u00a0Boarding Schools Abroad LimitedDomicilio social:\u00a07 Bell Yard, London, WC2A 2JR, Reino UnidoCorreo electr\u00f3nico de contacto:\u00a0hello@boardingschoolsabroad.com Objeto El presente [&hellip;]<\/p>\n","protected":false},"author":2,"featured_media":0,"parent":0,"menu_order":0,"comment_status":"closed","ping_status":"closed","template":"","meta":{"_acf_changed":false,"footnotes":""},"class_list":["post-4697","page","type-page","status-publish","hentry"],"acf":[],"yoast_head":"<!-- This site is optimized with the Yoast SEO plugin v27.0 - https:\/\/yoast.com\/product\/yoast-seo-wordpress\/ -->\n<title>Aviso legal - Boarding School<\/title>\n<meta name=\"robots\" content=\"index, follow, max-snippet:-1, max-image-preview:large, max-video-preview:-1\" \/>\n<link rel=\"canonical\" href=\"https:\/\/boardingschoolsabroad.com\/en-gb\/aviso-legal\/\" \/>\n<meta property=\"og:locale\" content=\"en_GB\" \/>\n<meta property=\"og:type\" content=\"article\" \/>\n<meta property=\"og:title\" content=\"Aviso legal - Boarding School\" \/>\n<meta property=\"og:description\" content=\"Aviso legal [rank_math_breadcrumb] AVISO LEGAL \u2013 BOARDING SCHOOLS ABROAD En cumplimiento de la normativa vigente en materia de servicios digitales y comercio electr\u00f3nico, se informa a los usuarios de los siguientes datos: Titular del sitio web Raz\u00f3n social:\u00a0Boarding Schools Abroad LimitedDomicilio social:\u00a07 Bell Yard, London, WC2A 2JR, Reino UnidoCorreo electr\u00f3nico de contacto:\u00a0hello@boardingschoolsabroad.com Objeto El presente [&hellip;]\" \/>\n<meta property=\"og:url\" content=\"https:\/\/boardingschoolsabroad.com\/en-gb\/aviso-legal\/\" \/>\n<meta property=\"og:site_name\" content=\"Boarding School\" \/>\n<meta property=\"article:publisher\" content=\"https:\/\/www.facebook.com\/boardingschoolsabroad\/\" \/>\n<meta property=\"article:modified_time\" content=\"2026-02-06T14:09:39+00:00\" \/>\n<meta property=\"og:image\" content=\"https:\/\/boardingschoolsabroad.com\/wp-content\/uploads\/2026\/02\/Boarding-Schools-Abroad-Logo.png\" \/>\n\t<meta property=\"og:image:width\" content=\"519\" \/>\n\t<meta property=\"og:image:height\" content=\"329\" \/>\n\t<meta property=\"og:image:type\" content=\"image\/png\" \/>\n<meta name=\"twitter:card\" content=\"summary_large_image\" \/>\n<script type=\"application\/ld+json\" class=\"yoast-schema-graph\">{\"@context\":\"https:\/\/schema.org\",\"@graph\":[{\"@type\":\"WebPage\",\"@id\":\"https:\/\/boardingschoolsabroad.com\/aviso-legal\/\",\"url\":\"https:\/\/boardingschoolsabroad.com\/aviso-legal\/\",\"name\":\"Aviso legal - Boarding School\",\"isPartOf\":{\"@id\":\"https:\/\/boardingschoolsabroad.com\/#website\"},\"datePublished\":\"2026-02-06T14:08:55+00:00\",\"dateModified\":\"2026-02-06T14:09:39+00:00\",\"breadcrumb\":{\"@id\":\"https:\/\/boardingschoolsabroad.com\/aviso-legal\/#breadcrumb\"},\"inLanguage\":\"en-GB\",\"potentialAction\":[{\"@type\":\"ReadAction\",\"target\":[\"https:\/\/boardingschoolsabroad.com\/aviso-legal\/\"]}]},{\"@type\":\"BreadcrumbList\",\"@id\":\"https:\/\/boardingschoolsabroad.com\/aviso-legal\/#breadcrumb\",\"itemListElement\":[{\"@type\":\"ListItem\",\"position\":1,\"name\":\"Portada\",\"item\":\"https:\/\/boardingschoolsabroad.com\/\"},{\"@type\":\"ListItem\",\"position\":2,\"name\":\"Aviso legal\"}]},{\"@type\":\"WebSite\",\"@id\":\"https:\/\/boardingschoolsabroad.com\/#website\",\"url\":\"https:\/\/boardingschoolsabroad.com\/\",\"name\":\"Boarding School\",\"description\":\"Boarding School:Colegios internos en Reino Unido, Irlanda, Suiza y Canad\u00e1. A\u00f1o escolar en el extranjero. A\u00f1o escolar en Irlanda con toda la familia, campamentos de verano e invierno en Reino Unido y Suiza, universidad en Reino Unido. Voluntariado\",\"publisher\":{\"@id\":\"https:\/\/boardingschoolsabroad.com\/#organization\"},\"alternateName\":\"Boarding Schools Abroad\",\"potentialAction\":[{\"@type\":\"SearchAction\",\"target\":{\"@type\":\"EntryPoint\",\"urlTemplate\":\"https:\/\/boardingschoolsabroad.com\/?s={search_term_string}\"},\"query-input\":{\"@type\":\"PropertyValueSpecification\",\"valueRequired\":true,\"valueName\":\"search_term_string\"}}],\"inLanguage\":\"en-GB\"},{\"@type\":\"Organization\",\"@id\":\"https:\/\/boardingschoolsabroad.com\/#organization\",\"name\":\"Boarding Schools Abroad\",\"alternateName\":\"Boarding School\",\"url\":\"https:\/\/boardingschoolsabroad.com\/\",\"logo\":{\"@type\":\"ImageObject\",\"inLanguage\":\"en-GB\",\"@id\":\"https:\/\/boardingschoolsabroad.com\/#\/schema\/logo\/image\/\",\"url\":\"https:\/\/boardingschoolsabroad.com\/wp-content\/uploads\/2026\/02\/Boarding-Schools-Abroad-Logo.png\",\"contentUrl\":\"https:\/\/boardingschoolsabroad.com\/wp-content\/uploads\/2026\/02\/Boarding-Schools-Abroad-Logo.png\",\"width\":519,\"height\":329,\"caption\":\"Boarding Schools Abroad\"},\"image\":{\"@id\":\"https:\/\/boardingschoolsabroad.com\/#\/schema\/logo\/image\/\"},\"sameAs\":[\"https:\/\/www.facebook.com\/boardingschoolsabroad\/\",\"https:\/\/www.linkedin.com\/company\/boarding-schools-abroad-ltd\/\",\"https:\/\/www.instagram.com\/boarding_schools_abroad\/\",\"https:\/\/www.youtube.com\/@BoardingSchoolsAbroadLimited\",\"https:\/\/maps.app.goo.gl\/zy7HAHtkCociJRjJ8\"]}]}<\/script>\n<!-- \/ Yoast SEO plugin. -->","yoast_head_json":{"title":"Aviso legal - Boarding School","robots":{"index":"index","follow":"follow","max-snippet":"max-snippet:-1","max-image-preview":"max-image-preview:large","max-video-preview":"max-video-preview:-1"},"canonical":"https:\/\/boardingschoolsabroad.com\/en-gb\/aviso-legal\/","og_locale":"en_GB","og_type":"article","og_title":"Aviso legal - Boarding School","og_description":"Aviso legal [rank_math_breadcrumb] AVISO LEGAL \u2013 BOARDING SCHOOLS ABROAD En cumplimiento de la normativa vigente en materia de servicios digitales y comercio electr\u00f3nico, se informa a los usuarios de los siguientes datos: Titular del sitio web Raz\u00f3n social:\u00a0Boarding Schools Abroad LimitedDomicilio social:\u00a07 Bell Yard, London, WC2A 2JR, Reino UnidoCorreo electr\u00f3nico de contacto:\u00a0hello@boardingschoolsabroad.com Objeto El presente [&hellip;]","og_url":"https:\/\/boardingschoolsabroad.com\/en-gb\/aviso-legal\/","og_site_name":"Boarding School","article_publisher":"https:\/\/www.facebook.com\/boardingschoolsabroad\/","article_modified_time":"2026-02-06T14:09:39+00:00","og_image":[{"width":519,"height":329,"url":"https:\/\/boardingschoolsabroad.com\/wp-content\/uploads\/2026\/02\/Boarding-Schools-Abroad-Logo.png","type":"image\/png"}],"twitter_card":"summary_large_image","schema":{"@context":"https:\/\/schema.org","@graph":[{"@type":"WebPage","@id":"https:\/\/boardingschoolsabroad.com\/aviso-legal\/","url":"https:\/\/boardingschoolsabroad.com\/aviso-legal\/","name":"Aviso legal - Boarding School","isPartOf":{"@id":"https:\/\/boardingschoolsabroad.com\/#website"},"datePublished":"2026-02-06T14:08:55+00:00","dateModified":"2026-02-06T14:09:39+00:00","breadcrumb":{"@id":"https:\/\/boardingschoolsabroad.com\/aviso-legal\/#breadcrumb"},"inLanguage":"en-GB","potentialAction":[{"@type":"ReadAction","target":["https:\/\/boardingschoolsabroad.com\/aviso-legal\/"]}]},{"@type":"BreadcrumbList","@id":"https:\/\/boardingschoolsabroad.com\/aviso-legal\/#breadcrumb","itemListElement":[{"@type":"ListItem","position":1,"name":"Portada","item":"https:\/\/boardingschoolsabroad.com\/"},{"@type":"ListItem","position":2,"name":"Aviso legal"}]},{"@type":"WebSite","@id":"https:\/\/boardingschoolsabroad.com\/#website","url":"https:\/\/boardingschoolsabroad.com\/","name":"Boarding School","description":"Boarding School:Colegios internos en Reino Unido, Irlanda, Suiza y Canad\u00e1. A\u00f1o escolar en el extranjero. A\u00f1o escolar en Irlanda con toda la familia, campamentos de verano e invierno en Reino Unido y Suiza, universidad en Reino Unido. Voluntariado","publisher":{"@id":"https:\/\/boardingschoolsabroad.com\/#organization"},"alternateName":"Boarding Schools Abroad","potentialAction":[{"@type":"SearchAction","target":{"@type":"EntryPoint","urlTemplate":"https:\/\/boardingschoolsabroad.com\/?s={search_term_string}"},"query-input":{"@type":"PropertyValueSpecification","valueRequired":true,"valueName":"search_term_string"}}],"inLanguage":"en-GB"},{"@type":"Organization","@id":"https:\/\/boardingschoolsabroad.com\/#organization","name":"Boarding Schools Abroad","alternateName":"Boarding School","url":"https:\/\/boardingschoolsabroad.com\/","logo":{"@type":"ImageObject","inLanguage":"en-GB","@id":"https:\/\/boardingschoolsabroad.com\/#\/schema\/logo\/image\/","url":"https:\/\/boardingschoolsabroad.com\/wp-content\/uploads\/2026\/02\/Boarding-Schools-Abroad-Logo.png","contentUrl":"https:\/\/boardingschoolsabroad.com\/wp-content\/uploads\/2026\/02\/Boarding-Schools-Abroad-Logo.png","width":519,"height":329,"caption":"Boarding Schools Abroad"},"image":{"@id":"https:\/\/boardingschoolsabroad.com\/#\/schema\/logo\/image\/"},"sameAs":["https:\/\/www.facebook.com\/boardingschoolsabroad\/","https:\/\/www.linkedin.com\/company\/boarding-schools-abroad-ltd\/","https:\/\/www.instagram.com\/boarding_schools_abroad\/","https:\/\/www.youtube.com\/@BoardingSchoolsAbroadLimited","https:\/\/maps.app.goo.gl\/zy7HAHtkCociJRjJ8"]}]}},"_links":{"self":[{"href":"https:\/\/boardingschoolsabroad.com\/en-gb\/wp-json\/wp\/v2\/pages\/4697","targetHints":{"allow":["GET"]}}],"collection":[{"href":"https:\/\/boardingschoolsabroad.com\/en-gb\/wp-json\/wp\/v2\/pages"}],"about":[{"href":"https:\/\/boardingschoolsabroad.com\/en-gb\/wp-json\/wp\/v2\/types\/page"}],"author":[{"embeddable":true,"href":"https:\/\/boardingschoolsabroad.com\/en-gb\/wp-json\/wp\/v2\/users\/2"}],"replies":[{"embeddable":true,"href":"https:\/\/boardingschoolsabroad.com\/en-gb\/wp-json\/wp\/v2\/comments?post=4697"}],"version-history":[{"count":0,"href":"https:\/\/boardingschoolsabroad.com\/en-gb\/wp-json\/wp\/v2\/pages\/4697\/revisions"}],"wp:attachment":[{"href":"https:\/\/boardingschoolsabroad.com\/en-gb\/wp-json\/wp\/v2\/media?parent=4697"}],"curies":[{"name":"wp","href":"https:\/\/api.w.org\/{rel}","templated":true}]}}